{"id":424,"date":"2023-07-03T17:12:44","date_gmt":"2023-07-03T15:12:44","guid":{"rendered":"https:\/\/obienetredherbauges.fr\/?post_type=product&#038;p=424"},"modified":"2024-02-26T00:08:29","modified_gmt":"2024-02-25T23:08:29","slug":"theme-pour-mieux-vous-connaitre-et-vous-comprendre","status":"publish","type":"product","link":"https:\/\/obienetredherbauges.fr\/index.php\/produit\/theme-pour-mieux-vous-connaitre-et-vous-comprendre\/","title":{"rendered":"Th\u00e8me pour mieux vous conna\u00eetre et vous comprendre"},"content":{"rendered":"<figure id=\"attachment_493\" aria-describedby=\"caption-attachment-493\" style=\"width: 300px\" class=\"wp-caption alignnone\"><img data-recalc-dims=\"1\" loading=\"lazy\" decoding=\"async\" data-attachment-id=\"493\" data-permalink=\"https:\/\/obienetredherbauges.fr\/?attachment_id=493\" data-orig-file=\"https:\/\/i0.wp.com\/obienetredherbauges.fr\/wp-content\/uploads\/2023\/07\/pexels-pixabay-247305-scaled.jpg?fit=2560%2C1666&amp;ssl=1\" data-orig-size=\"2560,1666\" data-comments-opened=\"1\" data-image-meta=\"{&quot;aperture&quot;:&quot;0&quot;,&quot;credit&quot;:&quot;&quot;,&quot;camera&quot;:&quot;&quot;,&quot;caption&quot;:&quot;&quot;,&quot;created_timestamp&quot;:&quot;0&quot;,&quot;copyright&quot;:&quot;&quot;,&quot;focal_length&quot;:&quot;0&quot;,&quot;iso&quot;:&quot;0&quot;,&quot;shutter_speed&quot;:&quot;0&quot;,&quot;title&quot;:&quot;&quot;,&quot;orientation&quot;:&quot;0&quot;}\" data-image-title=\"Photographie d&amp;rsquo;une femme qui marche\" data-image-description=\"&lt;p&gt;On voit une un couch\u00e9 de soleil avec une personne qui marche \u00e0 Travers l&amp;rsquo;eau &lt;\/p&gt;\n\" data-image-caption=\"&lt;p&gt;On voit l&amp;rsquo;ombre d&amp;rsquo;une femme qui refl\u00e8te son corps dans l&amp;rsquo;eau &lt;\/p&gt;\n\" data-medium-file=\"https:\/\/i0.wp.com\/obienetredherbauges.fr\/wp-content\/uploads\/2023\/07\/pexels-pixabay-247305-scaled.jpg?fit=300%2C195&amp;ssl=1\" data-large-file=\"https:\/\/i0.wp.com\/obienetredherbauges.fr\/wp-content\/uploads\/2023\/07\/pexels-pixabay-247305-scaled.jpg?fit=767%2C499&amp;ssl=1\" class=\"size-medium wp-image-493\" src=\"https:\/\/i0.wp.com\/obienetredherbauges.fr\/wp-content\/uploads\/2023\/07\/pexels-pixabay-247305.jpg?resize=300%2C195&#038;ssl=1\" alt=\"Le reflet de sa personne\" width=\"300\" height=\"195\" \/><figcaption id=\"caption-attachment-493\" class=\"wp-caption-text\">On voit l&rsquo;ombre d&rsquo;une femme qui refl\u00e8te son corps dans l&rsquo;eau<\/figcaption><\/figure>\n<p>Comment vous comportez-vous en cas d&rsquo;impr\u00e9vu ou de situation inattendue ? Quelle est votre attitude, quelles ressources, quelles qualit\u00e9s allez-vous mobiliser ? Quelle est votre cl\u00e9 du tr\u00e9sor, ce petit plus pour rendre votre chemin plus agr\u00e9able ? Retrouvez votre enfant int\u00e9rieur, reliez-vous \u00e0 lui avec votre cr\u00e9ativit\u00e9, votre joie et vos r\u00eaves d&rsquo;enfants. Comment vous comportez-vous en situation de conflit, quelle est votre fa\u00e7on de r\u00e9agir ? Cela renvoie \u00e0 vos m\u00e9moires karmiques h\u00e9rit\u00e9es de vos vies pass\u00e9es.<\/p>\n","protected":false},"excerpt":{"rendered":"<p>Comment vous comportez-vous en cas d&rsquo;impr\u00e9vu ou de situation inattendue ? Quelle est votre attitude, quelles ressources, quelles qualit\u00e9s allez-vous mobiliser ? Quelle est votre cl\u00e9 du tr\u00e9sor, ce petit &hellip; <\/p>\n","protected":false},"featured_media":789,"comment_status":"open","ping_status":"closed","template":"","meta":{"_uag_custom_page_level_css":"","_exactmetrics_skip_tracking":false,"_exactmetrics_sitenote_active":false,"_exactmetrics_sitenote_note":"","_exactmetrics_sitenote_category":0,"_monsterinsights_skip_tracking":false,"_monsterinsights_sitenote_active":false,"_monsterinsights_sitenote_note":"","_monsterinsights_sitenote_category":0},"product_brand":[],"product_cat":[26],"product_tag":[],"class_list":{"0":"post-424","1":"product","2":"type-product","3":"status-publish","4":"has-post-thumbnail","6":"product_cat-nkt","8":"first","9":"instock","10":"virtual","11":"purchasable","12":"product-type-simple"},"aioseo_notices":[],"uagb_featured_image_src":{"full":["https:\/\/i0.wp.com\/obienetredherbauges.fr\/wp-content\/uploads\/2023\/07\/pexels-pixabay-247305-1-scaled.jpg?fit=2560%2C1666&ssl=1",2560,1666,false],"thumbnail":["https:\/\/i0.wp.com\/obienetredherbauges.fr\/wp-content\/uploads\/2023\/07\/pexels-pixabay-247305-1-scaled.jpg?resize=150%2C150&ssl=1",150,150,true],"medium":["https:\/\/i0.wp.com\/obienetredherbauges.fr\/wp-content\/uploads\/2023\/07\/pexels-pixabay-247305-1-scaled.jpg?fit=300%2C195&ssl=1",300,195,true],"medium_large":["https:\/\/i0.wp.com\/obienetredherbauges.fr\/wp-content\/uploads\/2023\/07\/pexels-pixabay-247305-1-scaled.jpg?fit=767%2C499&ssl=1",767,499,true],"large":["https:\/\/i0.wp.com\/obienetredherbauges.fr\/wp-content\/uploads\/2023\/07\/pexels-pixabay-247305-1-scaled.jpg?fit=767%2C499&ssl=1",767,499,true],"1536x1536":["https:\/\/i0.wp.com\/obienetredherbauges.fr\/wp-content\/uploads\/2023\/07\/pexels-pixabay-247305-1-scaled.jpg?fit=1536%2C1000&ssl=1",1536,1000,true],"2048x2048":["https:\/\/i0.wp.com\/obienetredherbauges.fr\/wp-content\/uploads\/2023\/07\/pexels-pixabay-247305-1-scaled.jpg?fit=2048%2C1333&ssl=1",2048,1333,true],"blossom-spa-single":["https:\/\/i0.wp.com\/obienetredherbauges.fr\/wp-content\/uploads\/2023\/07\/pexels-pixabay-247305-1-scaled.jpg?resize=1920%2C700&ssl=1",1920,700,true],"blossom-spa-service":["https:\/\/i0.wp.com\/obienetredherbauges.fr\/wp-content\/uploads\/2023\/07\/pexels-pixabay-247305-1-scaled.jpg?resize=480%2C324&ssl=1",480,324,true],"blossom-spa-team":["https:\/\/i0.wp.com\/obienetredherbauges.fr\/wp-content\/uploads\/2023\/07\/pexels-pixabay-247305-1-scaled.jpg?resize=270%2C300&ssl=1",270,300,true],"blossom-spa-pagination":["https:\/\/i0.wp.com\/obienetredherbauges.fr\/wp-content\/uploads\/2023\/07\/pexels-pixabay-247305-1-scaled.jpg?resize=370%2C247&ssl=1",370,247,true],"blossom-spa-blog-list":["https:\/\/i0.wp.com\/obienetredherbauges.fr\/wp-content\/uploads\/2023\/07\/pexels-pixabay-247305-1-scaled.jpg?resize=640%2C480&ssl=1",640,480,true],"blossom-spa-blog-classic":["https:\/\/i0.wp.com\/obienetredherbauges.fr\/wp-content\/uploads\/2023\/07\/pexels-pixabay-247305-1-scaled.jpg?resize=776%2C517&ssl=1",776,517,true],"blossom-spa-blog-classic-full":["https:\/\/i0.wp.com\/obienetredherbauges.fr\/wp-content\/uploads\/2023\/07\/pexels-pixabay-247305-1-scaled.jpg?resize=1170%2C517&ssl=1",1170,517,true],"blossom-spa-related":["https:\/\/i0.wp.com\/obienetredherbauges.fr\/wp-content\/uploads\/2023\/07\/pexels-pixabay-247305-1-scaled.jpg?resize=110%2C83&ssl=1",110,83,true],"woocommerce_thumbnail":["https:\/\/i0.wp.com\/obienetredherbauges.fr\/wp-content\/uploads\/2023\/07\/pexels-pixabay-247305-1-scaled.jpg?resize=300%2C300&ssl=1",300,300,true],"woocommerce_single":["https:\/\/i0.wp.com\/obienetredherbauges.fr\/wp-content\/uploads\/2023\/07\/pexels-pixabay-247305-1-scaled.jpg?fit=600%2C390&ssl=1",600,390,true],"woocommerce_gallery_thumbnail":["https:\/\/i0.wp.com\/obienetredherbauges.fr\/wp-content\/uploads\/2023\/07\/pexels-pixabay-247305-1-scaled.jpg?resize=300%2C300&ssl=1",300,300,true]},"uagb_author_info":{"display_name":"ALEXANDRA","author_link":"https:\/\/obienetredherbauges.fr\/index.php\/author\/"},"uagb_comment_info":0,"uagb_excerpt":"Comment vous comportez-vous en cas d&rsquo;impr\u00e9vu ou de situation inattendue ? Quelle est votre attitude, quelles ressources, quelles qualit\u00e9s allez-vous mobiliser ? Quelle est votre cl\u00e9 du tr\u00e9sor, ce petit &hellip;","jetpack_sharing_enabled":true,"_links":{"self":[{"href":"https:\/\/obienetredherbauges.fr\/index.php\/wp-json\/wp\/v2\/product\/424","targetHints":{"allow":["GET"]}}],"collection":[{"href":"https:\/\/obienetredherbauges.fr\/index.php\/wp-json\/wp\/v2\/product"}],"about":[{"href":"https:\/\/obienetredherbauges.fr\/index.php\/wp-json\/wp\/v2\/types\/product"}],"replies":[{"embeddable":true,"href":"https:\/\/obienetredherbauges.fr\/index.php\/wp-json\/wp\/v2\/comments?post=424"}],"wp:featuredmedia":[{"embeddable":true,"href":"https:\/\/obienetredherbauges.fr\/index.php\/wp-json\/wp\/v2\/media\/789"}],"wp:attachment":[{"href":"https:\/\/obienetredherbauges.fr\/index.php\/wp-json\/wp\/v2\/media?parent=424"}],"wp:term":[{"taxonomy":"product_brand","embeddable":true,"href":"https:\/\/obienetredherbauges.fr\/index.php\/wp-json\/wp\/v2\/product_brand?post=424"},{"taxonomy":"product_cat","embeddable":true,"href":"https:\/\/obienetredherbauges.fr\/index.php\/wp-json\/wp\/v2\/product_cat?post=424"},{"taxonomy":"product_tag","embeddable":true,"href":"https:\/\/obienetredherbauges.fr\/index.php\/wp-json\/wp\/v2\/product_tag?post=424"}],"curies":[{"name":"wp","href":"https:\/\/api.w.org\/{rel}","templated":true}]}}