{"id":423,"date":"2023-07-03T17:08:37","date_gmt":"2023-07-03T15:08:37","guid":{"rendered":"https:\/\/obienetredherbauges.fr\/?post_type=product&#038;p=423"},"modified":"2025-09-23T18:07:34","modified_gmt":"2025-09-23T16:07:34","slug":"theme-pour-comprendre-et-ameliorer-vos-relations-avec-les-autres","status":"publish","type":"product","link":"https:\/\/obienetredherbauges.fr\/index.php\/produit\/theme-pour-comprendre-et-ameliorer-vos-relations-avec-les-autres\/","title":{"rendered":"Th\u00e8me pour comprendre et am\u00e9liorer vos relations avec les autres"},"content":{"rendered":"<p>Vous d\u00e9couvrirez la partie de votre personnalit\u00e9, celle que vous montrez aux autres, avec votre potentiel et vos qualit\u00e9s. Vous comprendrez vos liens relationnels avec les autres, c&rsquo;est-\u00e0-dire la fa\u00e7on dont vous voyez l&rsquo;amiti\u00e9 et le couple. Comment vous comportez-vous en situation de conflit, quelle est votre fa\u00e7on de r\u00e9agir ? Cela renvoie \u00e0 vos m\u00e9moires karmiques h\u00e9rit\u00e9es de vos vies pass\u00e9es.<\/p>\n","protected":false},"excerpt":{"rendered":"<p>Vous d\u00e9couvrirez la partie de votre personnalit\u00e9, celle que vous montrez aux autres, avec votre potentiel et vos qualit\u00e9s. Vous comprendrez vos liens relationnels avec les autres, c&rsquo;est-\u00e0-dire la fa\u00e7on &hellip; <\/p>\n","protected":false},"featured_media":479,"comment_status":"open","ping_status":"closed","template":"","meta":{"_uag_custom_page_level_css":"","_exactmetrics_skip_tracking":false,"_exactmetrics_sitenote_active":false,"_exactmetrics_sitenote_note":"","_exactmetrics_sitenote_category":0,"_monsterinsights_skip_tracking":false,"_monsterinsights_sitenote_active":false,"_monsterinsights_sitenote_note":"","_monsterinsights_sitenote_category":0},"product_brand":[],"product_cat":[26],"product_tag":[],"class_list":{"0":"post-423","1":"product","2":"type-product","3":"status-publish","4":"has-post-thumbnail","6":"product_cat-nkt","8":"first","9":"instock","10":"shipping-taxable","11":"purchasable","12":"product-type-simple"},"aioseo_notices":[],"uagb_featured_image_src":{"full":["https:\/\/i0.wp.com\/obienetredherbauges.fr\/wp-content\/uploads\/2023\/07\/pexels-fauxels-3184397-scaled.jpg?fit=2560%2C1707&ssl=1",2560,1707,false],"thumbnail":["https:\/\/i0.wp.com\/obienetredherbauges.fr\/wp-content\/uploads\/2023\/07\/pexels-fauxels-3184397-scaled.jpg?resize=150%2C150&ssl=1",150,150,true],"medium":["https:\/\/i0.wp.com\/obienetredherbauges.fr\/wp-content\/uploads\/2023\/07\/pexels-fauxels-3184397-scaled.jpg?fit=300%2C200&ssl=1",300,200,true],"medium_large":["https:\/\/i0.wp.com\/obienetredherbauges.fr\/wp-content\/uploads\/2023\/07\/pexels-fauxels-3184397-scaled.jpg?fit=767%2C511&ssl=1",767,511,true],"large":["https:\/\/i0.wp.com\/obienetredherbauges.fr\/wp-content\/uploads\/2023\/07\/pexels-fauxels-3184397-scaled.jpg?fit=767%2C512&ssl=1",767,512,true],"1536x1536":["https:\/\/i0.wp.com\/obienetredherbauges.fr\/wp-content\/uploads\/2023\/07\/pexels-fauxels-3184397-scaled.jpg?fit=1536%2C1024&ssl=1",1536,1024,true],"2048x2048":["https:\/\/i0.wp.com\/obienetredherbauges.fr\/wp-content\/uploads\/2023\/07\/pexels-fauxels-3184397-scaled.jpg?fit=2048%2C1366&ssl=1",2048,1366,true],"blossom-spa-single":["https:\/\/i0.wp.com\/obienetredherbauges.fr\/wp-content\/uploads\/2023\/07\/pexels-fauxels-3184397-scaled.jpg?resize=1920%2C700&ssl=1",1920,700,true],"blossom-spa-service":["https:\/\/i0.wp.com\/obienetredherbauges.fr\/wp-content\/uploads\/2023\/07\/pexels-fauxels-3184397-scaled.jpg?resize=480%2C324&ssl=1",480,324,true],"blossom-spa-team":["https:\/\/i0.wp.com\/obienetredherbauges.fr\/wp-content\/uploads\/2023\/07\/pexels-fauxels-3184397-scaled.jpg?resize=270%2C300&ssl=1",270,300,true],"blossom-spa-pagination":["https:\/\/i0.wp.com\/obienetredherbauges.fr\/wp-content\/uploads\/2023\/07\/pexels-fauxels-3184397-scaled.jpg?resize=370%2C247&ssl=1",370,247,true],"blossom-spa-blog-list":["https:\/\/i0.wp.com\/obienetredherbauges.fr\/wp-content\/uploads\/2023\/07\/pexels-fauxels-3184397-scaled.jpg?resize=640%2C480&ssl=1",640,480,true],"blossom-spa-blog-classic":["https:\/\/i0.wp.com\/obienetredherbauges.fr\/wp-content\/uploads\/2023\/07\/pexels-fauxels-3184397-scaled.jpg?resize=776%2C517&ssl=1",776,517,true],"blossom-spa-blog-classic-full":["https:\/\/i0.wp.com\/obienetredherbauges.fr\/wp-content\/uploads\/2023\/07\/pexels-fauxels-3184397-scaled.jpg?resize=1170%2C517&ssl=1",1170,517,true],"blossom-spa-related":["https:\/\/i0.wp.com\/obienetredherbauges.fr\/wp-content\/uploads\/2023\/07\/pexels-fauxels-3184397-scaled.jpg?resize=110%2C83&ssl=1",110,83,true],"woocommerce_thumbnail":["https:\/\/i0.wp.com\/obienetredherbauges.fr\/wp-content\/uploads\/2023\/07\/pexels-fauxels-3184397-scaled.jpg?resize=300%2C300&ssl=1",300,300,true],"woocommerce_single":["https:\/\/i0.wp.com\/obienetredherbauges.fr\/wp-content\/uploads\/2023\/07\/pexels-fauxels-3184397-scaled.jpg?fit=600%2C400&ssl=1",600,400,true],"woocommerce_gallery_thumbnail":["https:\/\/i0.wp.com\/obienetredherbauges.fr\/wp-content\/uploads\/2023\/07\/pexels-fauxels-3184397-scaled.jpg?resize=300%2C300&ssl=1",300,300,true]},"uagb_author_info":{"display_name":"ALEXANDRA","author_link":"https:\/\/obienetredherbauges.fr\/index.php\/author\/"},"uagb_comment_info":1,"uagb_excerpt":"Vous d\u00e9couvrirez la partie de votre personnalit\u00e9, celle que vous montrez aux autres, avec votre potentiel et vos qualit\u00e9s. Vous comprendrez vos liens relationnels avec les autres, c&rsquo;est-\u00e0-dire la fa\u00e7on &hellip;","jetpack_sharing_enabled":true,"_links":{"self":[{"href":"https:\/\/obienetredherbauges.fr\/index.php\/wp-json\/wp\/v2\/product\/423","targetHints":{"allow":["GET"]}}],"collection":[{"href":"https:\/\/obienetredherbauges.fr\/index.php\/wp-json\/wp\/v2\/product"}],"about":[{"href":"https:\/\/obienetredherbauges.fr\/index.php\/wp-json\/wp\/v2\/types\/product"}],"replies":[{"embeddable":true,"href":"https:\/\/obienetredherbauges.fr\/index.php\/wp-json\/wp\/v2\/comments?post=423"}],"wp:featuredmedia":[{"embeddable":true,"href":"https:\/\/obienetredherbauges.fr\/index.php\/wp-json\/wp\/v2\/media\/479"}],"wp:attachment":[{"href":"https:\/\/obienetredherbauges.fr\/index.php\/wp-json\/wp\/v2\/media?parent=423"}],"wp:term":[{"taxonomy":"product_brand","embeddable":true,"href":"https:\/\/obienetredherbauges.fr\/index.php\/wp-json\/wp\/v2\/product_brand?post=423"},{"taxonomy":"product_cat","embeddable":true,"href":"https:\/\/obienetredherbauges.fr\/index.php\/wp-json\/wp\/v2\/product_cat?post=423"},{"taxonomy":"product_tag","embeddable":true,"href":"https:\/\/obienetredherbauges.fr\/index.php\/wp-json\/wp\/v2\/product_tag?post=423"}],"curies":[{"name":"wp","href":"https:\/\/api.w.org\/{rel}","templated":true}]}}