{"id":421,"date":"2023-07-03T16:49:49","date_gmt":"2023-07-03T14:49:49","guid":{"rendered":"https:\/\/obienetredherbauges.fr\/?post_type=product&#038;p=421"},"modified":"2024-03-26T10:42:34","modified_gmt":"2024-03-26T09:42:34","slug":"theme-pour-vous-aider-a-trouver-votre-orientation-professionnelle","status":"publish","type":"product","link":"https:\/\/obienetredherbauges.fr\/index.php\/produit\/theme-pour-vous-aider-a-trouver-votre-orientation-professionnelle\/","title":{"rendered":"Th\u00e8me pour vous aider \u00e0 trouver votre orientation professionnelle"},"content":{"rendered":"<p>Vous d\u00e9couvrirez votre m\u00e9tier id\u00e9al en fonction de votre personnalit\u00e9, de votre potentiel, de vos qualit\u00e9s et de vos valeurs. Qui \u00eates-vous et que montrez-vous aux autres ? Que pouvez-vous r\u00e9aliser dans votre vie professionnelle pour \u00eatre \u00e9panoui ? Vous d\u00e9couvrirez aussi votre vraie personnalit\u00e9 et ce que vous \u00eates venu apporter dans ce monde.<\/p>\n","protected":false},"excerpt":{"rendered":"<p>Vous d\u00e9couvrirez votre m\u00e9tier id\u00e9al en fonction de votre personnalit\u00e9, de votre potentiel, de vos qualit\u00e9s et de vos valeurs. Qui \u00eates-vous et que montrez-vous aux autres ? Que pouvez-vous &hellip; <\/p>\n","protected":false},"featured_media":467,"comment_status":"open","ping_status":"closed","template":"","meta":{"_uag_custom_page_level_css":"","_exactmetrics_skip_tracking":false,"_exactmetrics_sitenote_active":false,"_exactmetrics_sitenote_note":"","_exactmetrics_sitenote_category":0,"_monsterinsights_skip_tracking":false,"_monsterinsights_sitenote_active":false,"_monsterinsights_sitenote_note":"","_monsterinsights_sitenote_category":0},"product_brand":[],"product_cat":[26],"product_tag":[],"class_list":{"0":"post-421","1":"product","2":"type-product","3":"status-publish","4":"has-post-thumbnail","6":"product_cat-nkt","8":"first","9":"instock","10":"virtual","11":"purchasable","12":"product-type-simple"},"aioseo_notices":[],"uagb_featured_image_src":{"full":["https:\/\/i0.wp.com\/obienetredherbauges.fr\/wp-content\/uploads\/2023\/07\/pexels-james-wheeler-1578750-scaled.jpg?fit=2560%2C1717&ssl=1",2560,1717,false],"thumbnail":["https:\/\/i0.wp.com\/obienetredherbauges.fr\/wp-content\/uploads\/2023\/07\/pexels-james-wheeler-1578750-scaled.jpg?resize=150%2C150&ssl=1",150,150,true],"medium":["https:\/\/i0.wp.com\/obienetredherbauges.fr\/wp-content\/uploads\/2023\/07\/pexels-james-wheeler-1578750-scaled.jpg?fit=300%2C201&ssl=1",300,201,true],"medium_large":["https:\/\/i0.wp.com\/obienetredherbauges.fr\/wp-content\/uploads\/2023\/07\/pexels-james-wheeler-1578750-scaled.jpg?fit=767%2C514&ssl=1",767,514,true],"large":["https:\/\/i0.wp.com\/obienetredherbauges.fr\/wp-content\/uploads\/2023\/07\/pexels-james-wheeler-1578750-scaled.jpg?fit=767%2C515&ssl=1",767,515,true],"1536x1536":["https:\/\/i0.wp.com\/obienetredherbauges.fr\/wp-content\/uploads\/2023\/07\/pexels-james-wheeler-1578750-scaled.jpg?fit=1536%2C1030&ssl=1",1536,1030,true],"2048x2048":["https:\/\/i0.wp.com\/obienetredherbauges.fr\/wp-content\/uploads\/2023\/07\/pexels-james-wheeler-1578750-scaled.jpg?fit=2048%2C1374&ssl=1",2048,1374,true],"blossom-spa-single":["https:\/\/i0.wp.com\/obienetredherbauges.fr\/wp-content\/uploads\/2023\/07\/pexels-james-wheeler-1578750-scaled.jpg?resize=1920%2C700&ssl=1",1920,700,true],"blossom-spa-service":["https:\/\/i0.wp.com\/obienetredherbauges.fr\/wp-content\/uploads\/2023\/07\/pexels-james-wheeler-1578750-scaled.jpg?resize=480%2C324&ssl=1",480,324,true],"blossom-spa-team":["https:\/\/i0.wp.com\/obienetredherbauges.fr\/wp-content\/uploads\/2023\/07\/pexels-james-wheeler-1578750-scaled.jpg?resize=270%2C300&ssl=1",270,300,true],"blossom-spa-pagination":["https:\/\/i0.wp.com\/obienetredherbauges.fr\/wp-content\/uploads\/2023\/07\/pexels-james-wheeler-1578750-scaled.jpg?resize=370%2C247&ssl=1",370,247,true],"blossom-spa-blog-list":["https:\/\/i0.wp.com\/obienetredherbauges.fr\/wp-content\/uploads\/2023\/07\/pexels-james-wheeler-1578750-scaled.jpg?resize=640%2C480&ssl=1",640,480,true],"blossom-spa-blog-classic":["https:\/\/i0.wp.com\/obienetredherbauges.fr\/wp-content\/uploads\/2023\/07\/pexels-james-wheeler-1578750-scaled.jpg?resize=776%2C517&ssl=1",776,517,true],"blossom-spa-blog-classic-full":["https:\/\/i0.wp.com\/obienetredherbauges.fr\/wp-content\/uploads\/2023\/07\/pexels-james-wheeler-1578750-scaled.jpg?resize=1170%2C517&ssl=1",1170,517,true],"blossom-spa-related":["https:\/\/i0.wp.com\/obienetredherbauges.fr\/wp-content\/uploads\/2023\/07\/pexels-james-wheeler-1578750-scaled.jpg?resize=110%2C83&ssl=1",110,83,true],"woocommerce_thumbnail":["https:\/\/i0.wp.com\/obienetredherbauges.fr\/wp-content\/uploads\/2023\/07\/pexels-james-wheeler-1578750-scaled.jpg?resize=300%2C300&ssl=1",300,300,true],"woocommerce_single":["https:\/\/i0.wp.com\/obienetredherbauges.fr\/wp-content\/uploads\/2023\/07\/pexels-james-wheeler-1578750-scaled.jpg?fit=600%2C402&ssl=1",600,402,true],"woocommerce_gallery_thumbnail":["https:\/\/i0.wp.com\/obienetredherbauges.fr\/wp-content\/uploads\/2023\/07\/pexels-james-wheeler-1578750-scaled.jpg?resize=300%2C300&ssl=1",300,300,true]},"uagb_author_info":{"display_name":"ALEXANDRA","author_link":"https:\/\/obienetredherbauges.fr\/index.php\/author\/"},"uagb_comment_info":2,"uagb_excerpt":"Vous d\u00e9couvrirez votre m\u00e9tier id\u00e9al en fonction de votre personnalit\u00e9, de votre potentiel, de vos qualit\u00e9s et de vos valeurs. Qui \u00eates-vous et que montrez-vous aux autres ? Que pouvez-vous &hellip;","jetpack_sharing_enabled":true,"_links":{"self":[{"href":"https:\/\/obienetredherbauges.fr\/index.php\/wp-json\/wp\/v2\/product\/421","targetHints":{"allow":["GET"]}}],"collection":[{"href":"https:\/\/obienetredherbauges.fr\/index.php\/wp-json\/wp\/v2\/product"}],"about":[{"href":"https:\/\/obienetredherbauges.fr\/index.php\/wp-json\/wp\/v2\/types\/product"}],"replies":[{"embeddable":true,"href":"https:\/\/obienetredherbauges.fr\/index.php\/wp-json\/wp\/v2\/comments?post=421"}],"wp:featuredmedia":[{"embeddable":true,"href":"https:\/\/obienetredherbauges.fr\/index.php\/wp-json\/wp\/v2\/media\/467"}],"wp:attachment":[{"href":"https:\/\/obienetredherbauges.fr\/index.php\/wp-json\/wp\/v2\/media?parent=421"}],"wp:term":[{"taxonomy":"product_brand","embeddable":true,"href":"https:\/\/obienetredherbauges.fr\/index.php\/wp-json\/wp\/v2\/product_brand?post=421"},{"taxonomy":"product_cat","embeddable":true,"href":"https:\/\/obienetredherbauges.fr\/index.php\/wp-json\/wp\/v2\/product_cat?post=421"},{"taxonomy":"product_tag","embeddable":true,"href":"https:\/\/obienetredherbauges.fr\/index.php\/wp-json\/wp\/v2\/product_tag?post=421"}],"curies":[{"name":"wp","href":"https:\/\/api.w.org\/{rel}","templated":true}]}}