{"id":407,"date":"2023-07-03T12:01:53","date_gmt":"2023-07-03T10:01:53","guid":{"rendered":"https:\/\/obienetredherbauges.fr\/?post_type=product&#038;p=407"},"modified":"2025-09-23T18:07:18","modified_gmt":"2025-09-23T16:07:18","slug":"theme-complet","status":"publish","type":"product","link":"https:\/\/obienetredherbauges.fr\/index.php\/produit\/theme-complet\/","title":{"rendered":"Th\u00e8me complet"},"content":{"rendered":"<p class=\"has-text-align-justify\">Votre th\u00e8me complet sera compos\u00e9 de 12 cat\u00e9gories ainsi que de votre ann\u00e9e personnelle (elle change tous les ans \u00e0 la date de votre anniversaire). Le th\u00e8me vous sera envoy\u00e9 par mail sous format PDF.<\/p>\n<ul>\n<li>Votre th\u00e8me complet va vous aider \u00e0 d\u00e9couvrir qui vous \u00eates vraiment, \u00e0 conna\u00eetre vos talents, vos forces et vos tr\u00e9sors int\u00e9rieurs. Mais aussi \u00e0 travailler sur vos blessures et \u00e0 surmonter vos challenges.<\/li>\n<li>Il va vous reconnecter \u00e0 votre vraie nature et vous aider \u00e0 vous retrouver.<\/li>\n<li>Mais aussi vous redonner confiance en vous et vous apprendre \u00e0 faire les bons choix.<\/li>\n<li>Votre th\u00e8me vous aidera \u00e0 avoir une vie professionnelle \u00e9panouie et align\u00e9e avec votre mission de vie.<\/li>\n<li>Il vous permettra de travailler sur vos blocages et de comprendre une histoire qui se r\u00e9p\u00e8te.<\/li>\n<\/ul>\n","protected":false},"excerpt":{"rendered":"<p>Votre th\u00e8me complet sera compos\u00e9 de 12 cat\u00e9gories ainsi que de votre ann\u00e9e personnelle (elle change tous les ans \u00e0 la date de votre anniversaire). Le th\u00e8me vous sera envoy\u00e9 &hellip; <\/p>\n","protected":false},"featured_media":502,"comment_status":"open","ping_status":"closed","template":"","meta":{"_uag_custom_page_level_css":"","_exactmetrics_skip_tracking":false,"_exactmetrics_sitenote_active":false,"_exactmetrics_sitenote_note":"","_exactmetrics_sitenote_category":0,"_monsterinsights_skip_tracking":false,"_monsterinsights_sitenote_active":false,"_monsterinsights_sitenote_note":"","_monsterinsights_sitenote_category":0},"product_brand":[],"product_cat":[26],"product_tag":[],"class_list":{"0":"post-407","1":"product","2":"type-product","3":"status-publish","4":"has-post-thumbnail","6":"product_cat-nkt","8":"first","9":"instock","10":"downloadable","11":"virtual","12":"purchasable","13":"product-type-simple"},"aioseo_notices":[],"uagb_featured_image_src":{"full":["https:\/\/i0.wp.com\/obienetredherbauges.fr\/wp-content\/uploads\/2023\/07\/pexels-stephen-hardy-7394683-scaled.jpg?fit=2560%2C1922&ssl=1",2560,1922,false],"thumbnail":["https:\/\/i0.wp.com\/obienetredherbauges.fr\/wp-content\/uploads\/2023\/07\/pexels-stephen-hardy-7394683-scaled.jpg?resize=150%2C150&ssl=1",150,150,true],"medium":["https:\/\/i0.wp.com\/obienetredherbauges.fr\/wp-content\/uploads\/2023\/07\/pexels-stephen-hardy-7394683-scaled.jpg?fit=300%2C225&ssl=1",300,225,true],"medium_large":["https:\/\/i0.wp.com\/obienetredherbauges.fr\/wp-content\/uploads\/2023\/07\/pexels-stephen-hardy-7394683-scaled.jpg?fit=767%2C576&ssl=1",767,576,true],"large":["https:\/\/i0.wp.com\/obienetredherbauges.fr\/wp-content\/uploads\/2023\/07\/pexels-stephen-hardy-7394683-scaled.jpg?fit=767%2C576&ssl=1",767,576,true],"1536x1536":["https:\/\/i0.wp.com\/obienetredherbauges.fr\/wp-content\/uploads\/2023\/07\/pexels-stephen-hardy-7394683-scaled.jpg?fit=1536%2C1153&ssl=1",1536,1153,true],"2048x2048":["https:\/\/i0.wp.com\/obienetredherbauges.fr\/wp-content\/uploads\/2023\/07\/pexels-stephen-hardy-7394683-scaled.jpg?fit=2048%2C1538&ssl=1",2048,1538,true],"blossom-spa-single":["https:\/\/i0.wp.com\/obienetredherbauges.fr\/wp-content\/uploads\/2023\/07\/pexels-stephen-hardy-7394683-scaled.jpg?resize=1920%2C700&ssl=1",1920,700,true],"blossom-spa-service":["https:\/\/i0.wp.com\/obienetredherbauges.fr\/wp-content\/uploads\/2023\/07\/pexels-stephen-hardy-7394683-scaled.jpg?resize=480%2C324&ssl=1",480,324,true],"blossom-spa-team":["https:\/\/i0.wp.com\/obienetredherbauges.fr\/wp-content\/uploads\/2023\/07\/pexels-stephen-hardy-7394683-scaled.jpg?resize=270%2C300&ssl=1",270,300,true],"blossom-spa-pagination":["https:\/\/i0.wp.com\/obienetredherbauges.fr\/wp-content\/uploads\/2023\/07\/pexels-stephen-hardy-7394683-scaled.jpg?resize=370%2C247&ssl=1",370,247,true],"blossom-spa-blog-list":["https:\/\/i0.wp.com\/obienetredherbauges.fr\/wp-content\/uploads\/2023\/07\/pexels-stephen-hardy-7394683-scaled.jpg?resize=640%2C480&ssl=1",640,480,true],"blossom-spa-blog-classic":["https:\/\/i0.wp.com\/obienetredherbauges.fr\/wp-content\/uploads\/2023\/07\/pexels-stephen-hardy-7394683-scaled.jpg?resize=776%2C517&ssl=1",776,517,true],"blossom-spa-blog-classic-full":["https:\/\/i0.wp.com\/obienetredherbauges.fr\/wp-content\/uploads\/2023\/07\/pexels-stephen-hardy-7394683-scaled.jpg?resize=1170%2C517&ssl=1",1170,517,true],"blossom-spa-related":["https:\/\/i0.wp.com\/obienetredherbauges.fr\/wp-content\/uploads\/2023\/07\/pexels-stephen-hardy-7394683-scaled.jpg?resize=110%2C83&ssl=1",110,83,true],"woocommerce_thumbnail":["https:\/\/i0.wp.com\/obienetredherbauges.fr\/wp-content\/uploads\/2023\/07\/pexels-stephen-hardy-7394683-scaled.jpg?resize=300%2C300&ssl=1",300,300,true],"woocommerce_single":["https:\/\/i0.wp.com\/obienetredherbauges.fr\/wp-content\/uploads\/2023\/07\/pexels-stephen-hardy-7394683-scaled.jpg?fit=600%2C450&ssl=1",600,450,true],"woocommerce_gallery_thumbnail":["https:\/\/i0.wp.com\/obienetredherbauges.fr\/wp-content\/uploads\/2023\/07\/pexels-stephen-hardy-7394683-scaled.jpg?resize=300%2C300&ssl=1",300,300,true]},"uagb_author_info":{"display_name":"ALEXANDRA","author_link":"https:\/\/obienetredherbauges.fr\/index.php\/author\/"},"uagb_comment_info":2,"uagb_excerpt":"Votre th\u00e8me complet sera compos\u00e9 de 12 cat\u00e9gories ainsi que de votre ann\u00e9e personnelle (elle change tous les ans \u00e0 la date de votre anniversaire). Le th\u00e8me vous sera envoy\u00e9 &hellip;","jetpack_sharing_enabled":true,"_links":{"self":[{"href":"https:\/\/obienetredherbauges.fr\/index.php\/wp-json\/wp\/v2\/product\/407","targetHints":{"allow":["GET"]}}],"collection":[{"href":"https:\/\/obienetredherbauges.fr\/index.php\/wp-json\/wp\/v2\/product"}],"about":[{"href":"https:\/\/obienetredherbauges.fr\/index.php\/wp-json\/wp\/v2\/types\/product"}],"replies":[{"embeddable":true,"href":"https:\/\/obienetredherbauges.fr\/index.php\/wp-json\/wp\/v2\/comments?post=407"}],"wp:featuredmedia":[{"embeddable":true,"href":"https:\/\/obienetredherbauges.fr\/index.php\/wp-json\/wp\/v2\/media\/502"}],"wp:attachment":[{"href":"https:\/\/obienetredherbauges.fr\/index.php\/wp-json\/wp\/v2\/media?parent=407"}],"wp:term":[{"taxonomy":"product_brand","embeddable":true,"href":"https:\/\/obienetredherbauges.fr\/index.php\/wp-json\/wp\/v2\/product_brand?post=407"},{"taxonomy":"product_cat","embeddable":true,"href":"https:\/\/obienetredherbauges.fr\/index.php\/wp-json\/wp\/v2\/product_cat?post=407"},{"taxonomy":"product_tag","embeddable":true,"href":"https:\/\/obienetredherbauges.fr\/index.php\/wp-json\/wp\/v2\/product_tag?post=407"}],"curies":[{"name":"wp","href":"https:\/\/api.w.org\/{rel}","templated":true}]}}