{"id":901,"date":"2026-03-07T14:30:21","date_gmt":"2026-03-07T13:30:21","guid":{"rendered":"https:\/\/obienetredherbauges.fr\/?page_id=901"},"modified":"2026-03-07T16:59:06","modified_gmt":"2026-03-07T15:59:06","slug":"la-kinesiologie-le-touch-for-health","status":"publish","type":"page","link":"https:\/\/obienetredherbauges.fr\/index.php\/la-kinesiologie-le-touch-for-health\/","title":{"rendered":"LA KIN\u00c9SIOLOGIE Le Touch For Health"},"content":{"rendered":"\n<h3 class=\"wp-block-heading\">L&rsquo;histoire de la Kin\u00e9siologie <\/h3>\n\n\n\n<p>La kin\u00e9siologie a \u00e9t\u00e9 d\u00e9velopp\u00e9e dans les ann\u00e9es 1960 par le Docteur George Goodheart, un chiropraticien am\u00e9ricain. Il a d\u00e9couvert que la faiblesse musculaire pouvait \u00eatre corrig\u00e9e en manipulant certaines zones r\u00e9flexes et points d\u2019acupuncture du corps. Il a \u00e9galement observ\u00e9 que certains muscles \u00e9taient li\u00e9s \u00e0 des organes sp\u00e9cifiques et aux m\u00e9ridiens de l\u2019acupuncture chinoise. <\/p>\n\n\n\n<h3 class=\"wp-block-heading has-text-align-center\"><strong style=\"font-size: revert; white-space: normal;\">Le Touch For Health (La Sant\u00e9 par le Toucher) un peu d&rsquo;histoire<\/strong><\/h3>\n\n\n\n<div class=\"wp-block-media-text is-stacked-on-mobile is-vertically-aligned-center\" style=\"grid-template-columns:28% auto\"><figure class=\"wp-block-media-text__media\"><img data-recalc-dims=\"1\" loading=\"lazy\" decoding=\"async\" width=\"767\" height=\"907\" data-attachment-id=\"939\" data-permalink=\"https:\/\/obienetredherbauges.fr\/index.php\/la-kinesiologie-le-touch-for-health\/image-test-musculaire\/\" data-orig-file=\"https:\/\/i0.wp.com\/obienetredherbauges.fr\/wp-content\/uploads\/2024\/12\/image-test-musculaire-scaled.jpg?fit=2164%2C2560&amp;ssl=1\" data-orig-size=\"2164,2560\" data-comments-opened=\"1\" data-image-meta=\"{&quot;aperture&quot;:&quot;0&quot;,&quot;credit&quot;:&quot;&quot;,&quot;camera&quot;:&quot;&quot;,&quot;caption&quot;:&quot;&quot;,&quot;created_timestamp&quot;:&quot;0&quot;,&quot;copyright&quot;:&quot;&quot;,&quot;focal_length&quot;:&quot;0&quot;,&quot;iso&quot;:&quot;0&quot;,&quot;shutter_speed&quot;:&quot;0&quot;,&quot;title&quot;:&quot;&quot;,&quot;orientation&quot;:&quot;0&quot;}\" data-image-title=\"image test musculaire\" data-image-description=\"\" data-image-caption=\"\" data-medium-file=\"https:\/\/i0.wp.com\/obienetredherbauges.fr\/wp-content\/uploads\/2024\/12\/image-test-musculaire-scaled.jpg?fit=254%2C300&amp;ssl=1\" data-large-file=\"https:\/\/i0.wp.com\/obienetredherbauges.fr\/wp-content\/uploads\/2024\/12\/image-test-musculaire-scaled.jpg?fit=767%2C907&amp;ssl=1\" src=\"https:\/\/i0.wp.com\/obienetredherbauges.fr\/wp-content\/uploads\/2024\/12\/image-test-musculaire.jpg?resize=767%2C907&#038;ssl=1\" alt=\"\" class=\"wp-image-939 size-full\" srcset=\"https:\/\/i0.wp.com\/obienetredherbauges.fr\/wp-content\/uploads\/2024\/12\/image-test-musculaire-scaled.jpg?resize=866%2C1024&amp;ssl=1 866w, https:\/\/i0.wp.com\/obienetredherbauges.fr\/wp-content\/uploads\/2024\/12\/image-test-musculaire-scaled.jpg?resize=254%2C300&amp;ssl=1 254w, https:\/\/i0.wp.com\/obienetredherbauges.fr\/wp-content\/uploads\/2024\/12\/image-test-musculaire-scaled.jpg?resize=768%2C909&amp;ssl=1 768w, https:\/\/i0.wp.com\/obienetredherbauges.fr\/wp-content\/uploads\/2024\/12\/image-test-musculaire-scaled.jpg?resize=1298%2C1536&amp;ssl=1 1298w, https:\/\/i0.wp.com\/obienetredherbauges.fr\/wp-content\/uploads\/2024\/12\/image-test-musculaire-scaled.jpg?resize=1731%2C2048&amp;ssl=1 1731w, https:\/\/i0.wp.com\/obienetredherbauges.fr\/wp-content\/uploads\/2024\/12\/image-test-musculaire-scaled.jpg?resize=600%2C710&amp;ssl=1 600w, https:\/\/i0.wp.com\/obienetredherbauges.fr\/wp-content\/uploads\/2024\/12\/image-test-musculaire-scaled.jpg?w=1534&amp;ssl=1 1534w\" sizes=\"auto, (max-width: 767px) 100vw, 767px\" \/><\/figure><div class=\"wp-block-media-text__content\">\n<p class=\"has-text-align-left\">En 1973, le <strong>Docteur John Thie<\/strong>, un chiropraticien et proche collaborateur du Docteur George Goodheart a d\u00e9velopp\u00e9 <strong>la m\u00e9thode<\/strong> appel\u00e9e <strong>\u00ab\u00a0Touch For Health\u00a0\u00bb<\/strong>. Le Touch For Health (La Sant\u00e9 par le Toucher) est <strong>une approche<\/strong> plus douce ax\u00e9e sur <strong>la pr\u00e9vention et l&rsquo;am\u00e9lioration de la sant\u00e9 globale<\/strong>. Elle int\u00e8gre des <strong>tests musculaires<\/strong> pour <strong>identifier les d\u00e9s\u00e9quilibres \u00e9nerg\u00e9tiques<\/strong> dans le corps et <strong>apporter une correction<\/strong> par diff\u00e9rentes techniques.<\/p>\n<\/div><\/div>\n\n\n\n<h3 class=\"wp-block-heading\"><strong>Quels sont les bienfaits de la Kin\u00e9siologie ?<\/strong><\/h3>\n\n\n\n<ul class=\"wp-block-list\">\n<li>Prendre ou reprendre confiance en soi<\/li>\n\n\n\n<li>Diminuer le stress, l&rsquo;anxi\u00e9t\u00e9, la peur<\/li>\n\n\n\n<li>Am\u00e9liorer le sommeil<\/li>\n\n\n\n<li>Soulager les douleurs physiques et chroniques<\/li>\n\n\n\n<li>Mieux appr\u00e9hender un entretien d&#8217;embauche, un examen, le permis de conduire&#8230;<\/li>\n\n\n\n<li>Am\u00e9liorer les performances sportives, professionnelles<\/li>\n\n\n\n<li>Aider \u00e0 retrouver un bien-\u00eatre g\u00e9n\u00e9ral<\/li>\n\n\n\n<li>Accompagner lors d&rsquo;un changement professionnel, familial, deuil&#8230;<\/li>\n\n\n\n<li>Etc<\/li>\n<\/ul>\n\n\n\n<h3 class=\"wp-block-heading\">M\u00e9thode aussi pour aider et accompagner les enfants<\/h3>\n\n\n\n<ul class=\"wp-block-list\">\n<li><strong>Gestion du stress et des \u00e9motions<\/strong> : aide \u00e0 surmonter les peurs, l\u2019anxi\u00e9t\u00e9, les col\u00e8res et les crises \u00e9motionnelles.<\/li>\n\n\n\n<li><strong>Am\u00e9lioration de la confiance en soi<\/strong> : id\u00e9al pour les enfants timides ou qui manquent d\u2019estime d\u2019eux-m\u00eames.<\/li>\n\n\n\n<li><strong>Lib\u00e9ration des blocages \u00e9motionnels<\/strong> : notamment apr\u00e8s un choc, une s\u00e9paration, ou un \u00e9v\u00e9nement marquant.<\/li>\n\n\n\n<li><strong>Meilleure gestion des relations<\/strong> : facilite l\u2019adaptation aux changements (entr\u00e9e \u00e0 l\u2019\u00e9cole, d\u00e9m\u00e9nagement, divorce des parents\u2026).<\/li>\n\n\n\n<li><strong>Am\u00e9liore la m\u00e9moire et la concentration<\/strong> : utile pour les enfants ayant des difficult\u00e9s scolaires ou de l\u2019hyperactivit\u00e9.<\/li>\n\n\n\n<li><strong>Favorise la coordination et la motricit\u00e9<\/strong> : aide pour l\u2019apprentissage de l\u2019\u00e9criture, la posture et les troubles DYS (dyslexie, dyspraxie\u2026).<\/li>\n\n\n\n<li><strong>R\u00e9duit le stress des examens<\/strong> : permet de retrouver un \u00e9tat de calme et de confiance avant les \u00e9valuations.<\/li>\n\n\n\n<li><strong>Am\u00e9liore le sommeil<\/strong> : r\u00e9duit les troubles et les r\u00e9veils nocturnes.<\/li>\n\n\n\n<li><strong>Aide \u00e0 mieux g\u00e9rer l\u2019hyperactivit\u00e9 (TDA\/H)<\/strong> : favorise un apaisement g\u00e9n\u00e9ral et un meilleur \u00e9quilibre \u00e9nerg\u00e9tique.<\/li>\n<\/ul>\n\n\n\n<div class=\"wp-block-cover is-light has-custom-content-position is-position-top-left\" style=\"min-height:507px;aspect-ratio:unset;\"><span aria-hidden=\"true\" class=\"wp-block-cover__background has-background-dim-100 has-background-dim\" style=\"background-color:#ffffff\"><\/span><div class=\"wp-block-cover__inner-container is-layout-flow wp-block-cover-is-layout-flow\">\n<div class=\"wp-block-media-text alignwide is-stacked-on-mobile is-image-fill-element\" style=\"grid-template-columns:42% auto\"><figure class=\"wp-block-media-text__media\"><img data-recalc-dims=\"1\" loading=\"lazy\" decoding=\"async\" width=\"640\" height=\"416\" data-attachment-id=\"927\" data-permalink=\"https:\/\/obienetredherbauges.fr\/index.php\/le-reiki\/massage-6520411_640\/\" data-orig-file=\"https:\/\/i0.wp.com\/obienetredherbauges.fr\/wp-content\/uploads\/2024\/11\/massage-6520411_640.jpg?fit=640%2C416&amp;ssl=1\" data-orig-size=\"640,416\" data-comments-opened=\"1\" data-image-meta=\"{&quot;aperture&quot;:&quot;0&quot;,&quot;credit&quot;:&quot;&quot;,&quot;camera&quot;:&quot;&quot;,&quot;caption&quot;:&quot;&quot;,&quot;created_timestamp&quot;:&quot;0&quot;,&quot;copyright&quot;:&quot;&quot;,&quot;focal_length&quot;:&quot;0&quot;,&quot;iso&quot;:&quot;0&quot;,&quot;shutter_speed&quot;:&quot;0&quot;,&quot;title&quot;:&quot;&quot;,&quot;orientation&quot;:&quot;0&quot;}\" data-image-title=\"massage-6520411_640\" data-image-description=\"\" data-image-caption=\"&lt;p&gt;Soin REIKI&lt;\/p&gt;\n\" data-medium-file=\"https:\/\/i0.wp.com\/obienetredherbauges.fr\/wp-content\/uploads\/2024\/11\/massage-6520411_640.jpg?fit=300%2C195&amp;ssl=1\" data-large-file=\"https:\/\/i0.wp.com\/obienetredherbauges.fr\/wp-content\/uploads\/2024\/11\/massage-6520411_640.jpg?fit=640%2C416&amp;ssl=1\" src=\"https:\/\/i0.wp.com\/obienetredherbauges.fr\/wp-content\/uploads\/2024\/11\/massage-6520411_640.jpg?resize=640%2C416&#038;ssl=1\" alt=\"Soin REIKI\" class=\"wp-image-927 size-full\" style=\"object-position:50% 50%\" srcset=\"https:\/\/i0.wp.com\/obienetredherbauges.fr\/wp-content\/uploads\/2024\/11\/massage-6520411_640.jpg?w=640&amp;ssl=1 640w, https:\/\/i0.wp.com\/obienetredherbauges.fr\/wp-content\/uploads\/2024\/11\/massage-6520411_640.jpg?resize=300%2C195&amp;ssl=1 300w, https:\/\/i0.wp.com\/obienetredherbauges.fr\/wp-content\/uploads\/2024\/11\/massage-6520411_640.jpg?resize=600%2C390&amp;ssl=1 600w\" sizes=\"auto, (max-width: 640px) 100vw, 640px\" \/><\/figure><div class=\"wp-block-media-text__content\">\n<h2 class=\"wp-block-heading has-text-color\" style=\"color:#000000;font-size:32px\"><strong>Comment se d\u00e9roule une s\u00e9ance de Kin\u00e9siologie ?<\/strong><\/h2>\n\n\n\n<p class=\"has-text-color\" style=\"color:#000000;font-size:17px\">La s\u00e9ance dure entre 1h15 et 1h30, vous resterez habill\u00e9, vous enleverez juste vos chaussures. Nous commencerons par un \u00e9change pour comprendre et identifier vos besoins, vos attentes, les raisons de votre consultation et ainsi d\u00e9finir un objectif positif. J&rsquo;effectuerai ensuite des tests musculaires indolores (l\u00e9g\u00e8re pression sur un muscle) pour identifier les d\u00e9s\u00e9quilibres \u00e9nerg\u00e9tiques ou les douleurs. Chaque d\u00e9s\u00e9quilibre sera corrig\u00e9 par des points d&rsquo;acupressions pour enlever les blocages et ainsi permettre \u00e0 l&rsquo;\u00e9nergie de circuler de nouveau. La s\u00e9ance se termine par un moment d&rsquo;\u00e9change.<\/p>\n<\/div><\/div>\n<\/div><\/div>\n\n\n\n<div class=\"wp-block-group alignfull is-content-justification-center\" style=\"margin-top:0;margin-bottom:0;padding-top:calc( 0.5 * var(--wp--style--root--padding-right, var(--wp--custom--gap--horizontal)));padding-right:var(--wp--style--root--padding-right, var(--wp--custom--gap--horizontal));padding-bottom:calc( 0.5 * var(--wp--style--root--padding-right, var(--wp--custom--gap--horizontal)));padding-left:var(--wp--style--root--padding-left, var(--wp--custom--gap--horizontal))\"><div class=\"wp-block-group__inner-container is-layout-constrained wp-container-core-group-is-layout-b073b61b wp-block-group-is-layout-constrained\">\n<div style=\"height:calc( 0.25 * var(--wp--style--root--padding-right, var(--wp--custom--gap--horizontal)))\" aria-hidden=\"true\" class=\"wp-block-spacer\"><\/div>\n\n\n\n<h2 class=\"wp-block-heading has-text-align-center\">Tarification<\/h2>\n\n\n\n<div style=\"height:calc( 0.25 * var(--wp--style--root--padding-right, var(--wp--custom--gap--horizontal)))\" aria-hidden=\"true\" class=\"wp-block-spacer\"><\/div>\n<\/div><\/div>\n\n\n\n<div class=\"wp-block-group\"><div class=\"wp-block-group__inner-container is-layout-constrained wp-container-core-group-is-layout-3351b171 wp-block-group-is-layout-constrained\">\n<h4 class=\"wp-block-heading has-text-align-center is-pricing-tier-name has-black-color has-text-color has-link-color has-medium-font-size wp-elements-c1a1dc33fc57f62b22bd11d9802b646c\">S\u00e9ance individuelle <\/h4>\n\n\n\n<hr class=\"wp-block-separator has-alpha-channel-opacity\"\/>\n\n\n\n<h4 class=\"wp-block-heading has-text-align-center is-pricing-tier-price has-black-color has-text-color has-link-color has-xx-large-font-size wp-elements-8bd962b5ea7f8406c564c6ba9af1a977\">65 euros TTC<\/h4>\n\n\n\n<p class=\"has-text-align-center is-pricing-tier-service has-black-color has-text-color has-link-color wp-elements-f14161f3faec8603391988ba335b4fa1\">La s\u00e9ance individuelle en pr\u00e9sentiel dure entre 1h15 \u00e0 1h30.<\/p>\n\n\n<div class=\"wp-block-image\">\n<figure class=\"aligncenter size-large is-resized\"><img data-recalc-dims=\"1\" loading=\"lazy\" decoding=\"async\" width=\"767\" height=\"907\" data-attachment-id=\"939\" data-permalink=\"https:\/\/obienetredherbauges.fr\/index.php\/la-kinesiologie-le-touch-for-health\/image-test-musculaire\/\" data-orig-file=\"https:\/\/i0.wp.com\/obienetredherbauges.fr\/wp-content\/uploads\/2024\/12\/image-test-musculaire-scaled.jpg?fit=2164%2C2560&amp;ssl=1\" data-orig-size=\"2164,2560\" data-comments-opened=\"1\" data-image-meta=\"{&quot;aperture&quot;:&quot;0&quot;,&quot;credit&quot;:&quot;&quot;,&quot;camera&quot;:&quot;&quot;,&quot;caption&quot;:&quot;&quot;,&quot;created_timestamp&quot;:&quot;0&quot;,&quot;copyright&quot;:&quot;&quot;,&quot;focal_length&quot;:&quot;0&quot;,&quot;iso&quot;:&quot;0&quot;,&quot;shutter_speed&quot;:&quot;0&quot;,&quot;title&quot;:&quot;&quot;,&quot;orientation&quot;:&quot;0&quot;}\" data-image-title=\"image test musculaire\" data-image-description=\"\" data-image-caption=\"\" data-medium-file=\"https:\/\/i0.wp.com\/obienetredherbauges.fr\/wp-content\/uploads\/2024\/12\/image-test-musculaire-scaled.jpg?fit=254%2C300&amp;ssl=1\" data-large-file=\"https:\/\/i0.wp.com\/obienetredherbauges.fr\/wp-content\/uploads\/2024\/12\/image-test-musculaire-scaled.jpg?fit=767%2C907&amp;ssl=1\" src=\"https:\/\/i0.wp.com\/obienetredherbauges.fr\/wp-content\/uploads\/2024\/12\/image-test-musculaire.jpg?resize=767%2C907&#038;ssl=1\" alt=\"\" class=\"wp-image-939\" style=\"width:257px;height:auto\" srcset=\"https:\/\/i0.wp.com\/obienetredherbauges.fr\/wp-content\/uploads\/2024\/12\/image-test-musculaire-scaled.jpg?resize=866%2C1024&amp;ssl=1 866w, https:\/\/i0.wp.com\/obienetredherbauges.fr\/wp-content\/uploads\/2024\/12\/image-test-musculaire-scaled.jpg?resize=254%2C300&amp;ssl=1 254w, https:\/\/i0.wp.com\/obienetredherbauges.fr\/wp-content\/uploads\/2024\/12\/image-test-musculaire-scaled.jpg?resize=768%2C909&amp;ssl=1 768w, https:\/\/i0.wp.com\/obienetredherbauges.fr\/wp-content\/uploads\/2024\/12\/image-test-musculaire-scaled.jpg?resize=1298%2C1536&amp;ssl=1 1298w, https:\/\/i0.wp.com\/obienetredherbauges.fr\/wp-content\/uploads\/2024\/12\/image-test-musculaire-scaled.jpg?resize=1731%2C2048&amp;ssl=1 1731w, https:\/\/i0.wp.com\/obienetredherbauges.fr\/wp-content\/uploads\/2024\/12\/image-test-musculaire-scaled.jpg?resize=600%2C710&amp;ssl=1 600w, https:\/\/i0.wp.com\/obienetredherbauges.fr\/wp-content\/uploads\/2024\/12\/image-test-musculaire-scaled.jpg?w=1534&amp;ssl=1 1534w\" sizes=\"auto, (max-width: 767px) 100vw, 767px\" \/><\/figure>\n<\/div>\n\n\n<div style=\"height:25px\" aria-hidden=\"true\" class=\"wp-block-spacer\"><\/div>\n\n\n\n<div class=\"wp-block-buttons is-content-justification-center is-layout-flex wp-container-core-buttons-is-layout-16018d1d wp-block-buttons-is-layout-flex\">\n<div class=\"wp-block-button has-custom-width wp-block-button__width-50 is-style-outline is-style-outline--1\"><a class=\"wp-block-button__link has-white-color has-black-background-color has-text-color has-background has-link-color wp-element-button\" href=\"https:\/\/www.resalib.fr\/praticien\/107465-alexandra-baudry-o-bien-etre-d-herbauges-kinesiologue-la-chevroliere\">Prendre rendez-vous<\/a><\/div>\n<\/div>\n\n\n\n<div style=\"height:var(--wp--preset--spacing--20)\" aria-hidden=\"true\" class=\"wp-block-spacer\"><\/div>\n<\/div><\/div>\n\n\n\n<p>Je tiens \u00e0 rappeler que mes pratiques visent \u00e0 accompagner le bien-\u00eatre physique, \u00e9motionnel et \u00e9nerg\u00e9tique, mais <strong>ne remplacent en aucun cas un suivi m\u00e9dical ou un traitement prescrit par un professionnel de sant\u00e9<\/strong>.<\/p>\n\n\n\n<p>Les approches holistiques comme la kin\u00e9siologie, le reiki&#8230; sont des <strong>compl\u00e9ments<\/strong> qui peuvent aider \u00e0 mieux g\u00e9rer le stress, les \u00e9motions et favoriser un \u00e9quilibre global.<\/p>\n\n\n\n<p>Pour toute question d\u2019ordre m\u00e9dical, il est essentiel de consulter un m\u00e9decin ou un sp\u00e9cialiste qualifi\u00e9.<\/p>\n","protected":false},"excerpt":{"rendered":"<p>L&rsquo;histoire de la Kin\u00e9siologie La kin\u00e9siologie a \u00e9t\u00e9 d\u00e9velopp\u00e9e dans les ann\u00e9es 1960 par le Docteur George Goodheart, un chiropraticien am\u00e9ricain. Il a d\u00e9couvert que la faiblesse musculaire pouvait \u00eatre &hellip; <\/p>\n","protected":false},"author":1,"featured_media":927,"parent":0,"menu_order":1,"comment_status":"closed","ping_status":"closed","template":"","meta":{"_uag_custom_page_level_css":"","_exactmetrics_skip_tracking":false,"_exactmetrics_sitenote_active":false,"_exactmetrics_sitenote_note":"","_exactmetrics_sitenote_category":0,"_monsterinsights_skip_tracking":false,"_monsterinsights_sitenote_active":false,"_monsterinsights_sitenote_note":"","_monsterinsights_sitenote_category":0,"footnotes":""},"class_list":["post-901","page","type-page","status-publish","has-post-thumbnail","hentry"],"aioseo_notices":[],"uagb_featured_image_src":{"full":["https:\/\/i0.wp.com\/obienetredherbauges.fr\/wp-content\/uploads\/2024\/11\/massage-6520411_640.jpg?fit=640%2C416&ssl=1",640,416,false],"thumbnail":["https:\/\/i0.wp.com\/obienetredherbauges.fr\/wp-content\/uploads\/2024\/11\/massage-6520411_640.jpg?resize=150%2C150&ssl=1",150,150,true],"medium":["https:\/\/i0.wp.com\/obienetredherbauges.fr\/wp-content\/uploads\/2024\/11\/massage-6520411_640.jpg?fit=300%2C195&ssl=1",300,195,true],"medium_large":["https:\/\/i0.wp.com\/obienetredherbauges.fr\/wp-content\/uploads\/2024\/11\/massage-6520411_640.jpg?fit=640%2C416&ssl=1",640,416,true],"large":["https:\/\/i0.wp.com\/obienetredherbauges.fr\/wp-content\/uploads\/2024\/11\/massage-6520411_640.jpg?fit=640%2C416&ssl=1",640,416,true],"1536x1536":["https:\/\/i0.wp.com\/obienetredherbauges.fr\/wp-content\/uploads\/2024\/11\/massage-6520411_640.jpg?fit=640%2C416&ssl=1",640,416,true],"2048x2048":["https:\/\/i0.wp.com\/obienetredherbauges.fr\/wp-content\/uploads\/2024\/11\/massage-6520411_640.jpg?fit=640%2C416&ssl=1",640,416,true],"blossom-spa-single":["https:\/\/i0.wp.com\/obienetredherbauges.fr\/wp-content\/uploads\/2024\/11\/massage-6520411_640.jpg?resize=640%2C416&ssl=1",640,416,true],"blossom-spa-service":["https:\/\/i0.wp.com\/obienetredherbauges.fr\/wp-content\/uploads\/2024\/11\/massage-6520411_640.jpg?resize=480%2C324&ssl=1",480,324,true],"blossom-spa-team":["https:\/\/i0.wp.com\/obienetredherbauges.fr\/wp-content\/uploads\/2024\/11\/massage-6520411_640.jpg?resize=270%2C300&ssl=1",270,300,true],"blossom-spa-pagination":["https:\/\/i0.wp.com\/obienetredherbauges.fr\/wp-content\/uploads\/2024\/11\/massage-6520411_640.jpg?resize=370%2C247&ssl=1",370,247,true],"blossom-spa-blog-list":["https:\/\/i0.wp.com\/obienetredherbauges.fr\/wp-content\/uploads\/2024\/11\/massage-6520411_640.jpg?resize=640%2C416&ssl=1",640,416,true],"blossom-spa-blog-classic":["https:\/\/i0.wp.com\/obienetredherbauges.fr\/wp-content\/uploads\/2024\/11\/massage-6520411_640.jpg?resize=640%2C416&ssl=1",640,416,true],"blossom-spa-blog-classic-full":["https:\/\/i0.wp.com\/obienetredherbauges.fr\/wp-content\/uploads\/2024\/11\/massage-6520411_640.jpg?resize=640%2C416&ssl=1",640,416,true],"blossom-spa-related":["https:\/\/i0.wp.com\/obienetredherbauges.fr\/wp-content\/uploads\/2024\/11\/massage-6520411_640.jpg?resize=110%2C83&ssl=1",110,83,true],"woocommerce_thumbnail":["https:\/\/i0.wp.com\/obienetredherbauges.fr\/wp-content\/uploads\/2024\/11\/massage-6520411_640.jpg?resize=300%2C300&ssl=1",300,300,true],"woocommerce_single":["https:\/\/i0.wp.com\/obienetredherbauges.fr\/wp-content\/uploads\/2024\/11\/massage-6520411_640.jpg?fit=600%2C390&ssl=1",600,390,true],"woocommerce_gallery_thumbnail":["https:\/\/i0.wp.com\/obienetredherbauges.fr\/wp-content\/uploads\/2024\/11\/massage-6520411_640.jpg?resize=300%2C300&ssl=1",300,300,true]},"uagb_author_info":{"display_name":"ALEXANDRA","author_link":"https:\/\/obienetredherbauges.fr\/index.php\/author\/obienetredherbauges-fr\/"},"uagb_comment_info":0,"uagb_excerpt":"L&rsquo;histoire de la Kin\u00e9siologie La kin\u00e9siologie a \u00e9t\u00e9 d\u00e9velopp\u00e9e dans les ann\u00e9es 1960 par le Docteur George Goodheart, un chiropraticien am\u00e9ricain. Il a d\u00e9couvert que la faiblesse musculaire pouvait \u00eatre &hellip;","jetpack_sharing_enabled":true,"_links":{"self":[{"href":"https:\/\/obienetredherbauges.fr\/index.php\/wp-json\/wp\/v2\/pages\/901","targetHints":{"allow":["GET"]}}],"collection":[{"href":"https:\/\/obienetredherbauges.fr\/index.php\/wp-json\/wp\/v2\/pages"}],"about":[{"href":"https:\/\/obienetredherbauges.fr\/index.php\/wp-json\/wp\/v2\/types\/page"}],"author":[{"embeddable":true,"href":"https:\/\/obienetredherbauges.fr\/index.php\/wp-json\/wp\/v2\/users\/1"}],"replies":[{"embeddable":true,"href":"https:\/\/obienetredherbauges.fr\/index.php\/wp-json\/wp\/v2\/comments?post=901"}],"version-history":[{"count":39,"href":"https:\/\/obienetredherbauges.fr\/index.php\/wp-json\/wp\/v2\/pages\/901\/revisions"}],"predecessor-version":[{"id":1178,"href":"https:\/\/obienetredherbauges.fr\/index.php\/wp-json\/wp\/v2\/pages\/901\/revisions\/1178"}],"wp:featuredmedia":[{"embeddable":true,"href":"https:\/\/obienetredherbauges.fr\/index.php\/wp-json\/wp\/v2\/media\/927"}],"wp:attachment":[{"href":"https:\/\/obienetredherbauges.fr\/index.php\/wp-json\/wp\/v2\/media?parent=901"}],"curies":[{"name":"wp","href":"https:\/\/api.w.org\/{rel}","templated":true}]}}