{"id":293,"date":"2023-06-27T23:01:38","date_gmt":"2023-06-27T21:01:38","guid":{"rendered":"https:\/\/obienetredherbauges.fr\/?page_id=293"},"modified":"2023-07-28T22:26:20","modified_gmt":"2023-07-28T20:26:20","slug":"politique-de-confidentialite-2","status":"publish","type":"page","link":"https:\/\/obienetredherbauges.fr\/index.php\/politique-de-confidentialite-2\/","title":{"rendered":"Politique de confidentialit\u00e9"},"content":{"rendered":"\n<p><strong>SITE  : \u00d4 BIEN  ETRE D&rsquo;HERBAUGES<\/strong><\/p>\n\n\n\n<p><strong>ARTICLE 1 : Pr\u00e9ambule<\/strong><\/p>\n\n\n\n<p>La pr\u00e9sente politique de confidentialit\u00e9 a pour but d&rsquo;informer les utilisateurs du site :<\/p>\n\n\n\n<ul class=\"wp-block-list\">\n<li>Sur la mani\u00e8re dont sont collect\u00e9es leurs donn\u00e9es personnelles. Sont consid\u00e9r\u00e9es comme des donn\u00e9es personnelles, toute information permettant d&rsquo;identifier un utilisateur. A ce titre, il peut s&rsquo;agir : de ses  noms et pr\u00e9noms, de sa date de naissance, de son adresse postale ou email, de son num\u00e9ro de t\u00e9l\u00e9phone <\/li>\n\n\n\n<li>Sur les droits dont ils disposent concernant ces donn\u00e9es<\/li>\n\n\n\n<li>Sur la personne responsable du traitement des donn\u00e9es \u00e0 caract\u00e8re personnel collect\u00e9es et trait\u00e9es<\/li>\n\n\n\n<li>Sur les destinataires de ces donn\u00e9es personnelles<\/li>\n\n\n\n<li>Sur la politique du site en mati\u00e8re de cookies<\/li>\n<\/ul>\n\n\n\n<p><\/p>\n\n\n\n<p><strong>ARTICLE 2 : Principes relatifs \u00e0 la collecte et au traitement des donn\u00e9es personnelles<\/strong><\/p>\n\n\n\n<p>Conform\u00e9ment \u00e0 l&rsquo;article 5 du R\u00e8glement europ\u00e9en 2016\/679, les donn\u00e9es \u00e0 caract\u00e8re personnel sont :<\/p>\n\n\n\n<ul class=\"wp-block-list\">\n<li>Trait\u00e9es de mani\u00e8re licite, loyale et transparente au regard de la personne concern\u00e9e<\/li>\n\n\n\n<li>Collect\u00e9es pour des finalit\u00e9s d\u00e9termin\u00e9es (cf Article 3.1 des pr\u00e9sentes), explicites et l\u00e9gitimes, et ne pas \u00eatre trait\u00e9es ult\u00e9rieurement d&rsquo;une mani\u00e8re incompatible avec ces finalit\u00e9s<\/li>\n\n\n\n<li>Ad\u00e9quates, pertinentes et limit\u00e9es \u00e0 ce qui est n\u00e9cessaire au regard des finalit\u00e9s pour lesquelles elles sont trait\u00e9es<\/li>\n\n\n\n<li>Exactes et, si n\u00e9cessaire, tenues \u00e0 jour. Toutes les mesures raisonnables doivent \u00eatre prises pour que les donn\u00e9es \u00e0 caract\u00e8re personnel qui sont inexactes, eu \u00e9gard aux finalit\u00e9s pour lesquelles elles sont trait\u00e9es, soient effac\u00e9es ou rectifi\u00e9es sans tarder<\/li>\n\n\n\n<li>Conserv\u00e9es sous une forme permettant l&rsquo;identification des personnes concern\u00e9es pendant une dur\u00e9e n&rsquo;exc\u00e9dant pas celle n\u00e9cessaire au regard des finalit\u00e9s pour lesquelles elles sont trait\u00e9es<\/li>\n\n\n\n<li>Trait\u00e9es de fa\u00e7on \u00e0 garantir une s\u00e9curit\u00e9 appropri\u00e9e des donn\u00e9es collect\u00e9es, y compris la protection contre le traitement non autoris\u00e9 ou illicite et contre la perte, la destruction ou les d\u00e9g\u00e2ts d&rsquo;origine accidentelle, \u00e0 l&rsquo;aide de mesures techniques ou organisationnelles appropri\u00e9es<\/li>\n<\/ul>\n\n\n\n<p>Le traitement n&rsquo;est licite que si, et dans la mesure o\u00f9, au moins une des conditions suivantes est remplie :<\/p>\n\n\n\n<ul class=\"wp-block-list\">\n<li>La personne concern\u00e9e a consenti au traitement de ses donn\u00e9es \u00e0 caract\u00e8re personnel pour une ou plusieurs finalit\u00e9s sp\u00e9cifiques<\/li>\n\n\n\n<li>Le traitement est n\u00e9cessaire \u00e0 l&rsquo;ex\u00e9cution d&rsquo;un contrat auquel la personne concern\u00e9e est partie ou \u00e0 l&rsquo;ex\u00e9cution de mesures pr\u00e9contractuelles prises \u00e0 la demande de celle-ci<\/li>\n\n\n\n<li>Le traitement est n\u00e9cessaire au respect d&rsquo;une obligation l\u00e9gale \u00e0 laquelle le responsable du traitement est soumis<\/li>\n\n\n\n<li>Le traitement est n\u00e9cessaire \u00e0 la sauvegarde des int\u00e9r\u00eats vitaux de la personne concern\u00e9e ou d&rsquo;une autre personne physique<\/li>\n\n\n\n<li>Le traitement est n\u00e9cessaire \u00e0 l&rsquo;ex\u00e9cution d&rsquo;une mission d&rsquo;int\u00e9r\u00eat public ou relevant de l&rsquo;exercice de l&rsquo;autorit\u00e9 publique dont est investi le responsable du traitement<\/li>\n\n\n\n<li>Le traitement est n\u00e9cessaire aux fins des int\u00e9r\u00eats l\u00e9gitimes poursuivis par le responsable du traitement ou par un tiers, \u00e0 moins que ne pr\u00e9valent les int\u00e9r\u00eats ou les libert\u00e9s et droits fondamentaux de la personne concern\u00e9e qui exigent une protection des donn\u00e9es \u00e0 caract\u00e8re personnel, notamment lorque la personne concern\u00e9e est un enfant<\/li>\n<\/ul>\n\n\n\n<p><\/p>\n\n\n\n<p><\/p>\n\n\n\n<p><strong>ARTICLE 3 : Donn\u00e9es \u00e0 caract\u00e8re personnel collect\u00e9es et trait\u00e9es dans le cadre de la navigation sur le site<\/strong><\/p>\n\n\n\n<p><strong>Article 3.1 : Donn\u00e9es collect\u00e9es<\/strong><\/p>\n\n\n\n<p>Les donn\u00e9es personnelles collect\u00e9es dans le cadre de notre activit\u00e9 sont les suivantes : votre nom, vos pr\u00e9noms, votre date de naissance, votre adresse postale et \u00e9lectronique, votre num\u00e9ro de t\u00e9l\u00e9phone, vos donn\u00e9es relatives aux interactions avec nous sur notre site internet, sur les r\u00e9seaux sociaux, lors de conversations t\u00e9l\u00e9phoniques ou en visiophoniques et dans les courriers \u00e9lectroniques.<\/p>\n\n\n\n<p>La collecte et le traitement de ces donn\u00e9es r\u00e9pond aux finalit\u00e9s suivantes : des th\u00e8mes de num\u00e9rologie karmique tib\u00e9taine, envoie de newsletter et \u00e9galement pour l&rsquo;\u00e9tablissement de la facturation.<\/p>\n\n\n\n<p><strong>Article 3.2 : Mode de collecte des donn\u00e9es<\/strong><\/p>\n\n\n\n<p>Les donn\u00e9es sont conserv\u00e9es par le responsable du traitement dans les conditions raisonnables de s\u00e9curit\u00e9, pour une dur\u00e9e de 3 ans. L&rsquo;entreprise est susceptible de conserver certaines donn\u00e9es \u00e0 caract\u00e8re personnel au-del\u00e0 des d\u00e9lais annonc\u00e9s ci-dessus afin de remplir ses obligations l\u00e9gales ou r\u00e9glementaires.<\/p>\n\n\n\n<p><strong>Article 3.3 : H\u00e9bergement des donn\u00e9s<\/strong><\/p>\n\n\n\n<p>Le site \u00d4 bien \u00eatre d&rsquo;Herbauges est h\u00e9berg\u00e9 par la soci\u00e9t\u00e9 Hostinger, 61 Lordou Vironos Street, 6023 Larnaca, email fr@hostinger.com.<\/p>\n\n\n\n<p><strong>Article 3.4 : Politique en mati\u00e8re de \u00ab\u00a0cookies\u00a0\u00bb<\/strong><\/p>\n\n\n\n<p><\/p>\n\n\n\n<p><\/p>\n\n\n\n<p><strong>ARTICLE 4 : Responsable du traitement des donn\u00e9es et d\u00e9l\u00e9gu\u00e9 \u00e0 la protection des donn\u00e9es<\/strong><\/p>\n\n\n\n<p><strong>Article 4.1 : Le responsable du traitement des donn\u00e9es<\/strong><\/p>\n\n\n\n<p>Les donn\u00e9es \u00e0 caract\u00e8re personnelle sont collect\u00e9es par Alexandra Baudry pour l&rsquo;entreprise individuelle \u00d4 bien \u00eatre d&rsquo;Herbauges immatricul\u00e9e en France sous le num\u00e9ro siret 95268494200016. Le si\u00e8ge social est situ\u00e9 au 35 rue du Gotha, 44118 La Chevroli\u00e8re, peut \u00eatre contact\u00e9e au 07 45 19 54 01. L&rsquo;adresse mail est  baudry.alexandra@obienetredherbauges.fr.<\/p>\n\n\n\n<p><strong>Article 4.2 : Le d\u00e9l\u00e9gu\u00e9 \u00e0 la protection des donn\u00e9es<\/strong><\/p>\n\n\n\n<p>Le d\u00e9l\u00e9gu\u00e9 \u00e0 la protection des donn\u00e9es DPO est Alexandra Baudry, 35 rue du Gotha, 44118 La Chevroli\u00e8re, peut \u00eatre contact\u00e9e au 07 45 19 54 01. L&rsquo;adresse mail est  contact@obienetredherbauges.fr.<\/p>\n\n\n\n<p><\/p>\n\n\n\n<p><\/p>\n\n\n\n<p><strong>ARTICLE 5 : Les droits de l&rsquo;utilisateur en mati\u00e8re de collecte et de traitement des donn\u00e9es<\/strong><\/p>\n\n\n\n<p>Tout utilisateur concern\u00e9 par le traitement de ses donn\u00e9es personnelles peut se pr\u00e9valoir des droits suivants, en application du r\u00e8glement europ\u00e9en 2016\/679 et de la Loi Informatique et Libert\u00e9 (Loi 78-17 du 6 janvier 1978) : <\/p>\n\n\n\n<ul class=\"wp-block-list\">\n<li>Droit d&rsquo;acc\u00e8s, droit de rectification et droit \u00e0 l&rsquo;effacement des donn\u00e9es (pos\u00e9s respectivement aux articles 15, 16 et 17 du RGPD)<\/li>\n\n\n\n<li>Droit \u00e0 la portabilit\u00e9 des donn\u00e9es (article 20 du RGPD)<\/li>\n\n\n\n<li>Droit \u00e0 la limitation (article 18 du RGPD) et \u00e0 l&rsquo;opposition du traitement des donn\u00e9es (article 21 du RGPD)<\/li>\n<\/ul>\n\n\n\n<p>Pour exercer vos droits, veuillez adresser votre courrier : \u00d4 bien \u00eatre d&rsquo;Herbauges, 35 rue du Gotha, 44118 La Chevroli\u00e8re ou par mail \u00e0 contact@obienetredherbauges.fr. Le d\u00e9l\u00e9gu\u00e9 \u00e0 la protection des donn\u00e9es DPO est Alexandra Baudry.<\/p>\n\n\n\n<p>Afin que le responsable du traitement des donn\u00e9es puisse faire droit \u00e0 sa demande, l&rsquo;utilisateur peut-\u00eatre tenu de lui communiquer certaines informations telles que : ses noms et pr\u00e9noms, son adresse, son email.<\/p>\n\n\n\n<p><\/p>\n\n\n\n<p><\/p>\n\n\n\n<p><strong>ARTICLE 6 : Conditions de modification de la politique de confidentialit\u00e9<\/strong><\/p>\n\n\n\n<p>L&rsquo;\u00e9diteur du site \u00d4 bien \u00eatre d&rsquo;Herbauges se r\u00e9serve le droit de pouvoir modifier la pr\u00e9sente Politique \u00e0 tout moment afin d&rsquo;assurer aux utilisateurs du site sa conformit\u00e9 avec le droit en vigueur.<\/p>\n\n\n\n<p>Les \u00e9ventuelles modifications ne sauraient avoir d&rsquo;incidence sur les achats ant\u00e9rieurement effectu\u00e9s sur le site, lesquels restent soumis \u00e0 la Politique en vigueur au moment de l&rsquo;achat et telle qu&rsquo;accept\u00e9e par l&rsquo;utilisateur lors de la validation de l&rsquo;achat.<\/p>\n\n\n\n<p>L&rsquo;utilisateur est invit\u00e9 \u00e0 prendre connaissance de cette Politique \u00e0 chaque fois qu&rsquo;il utilise nos servives, sans qu&rsquo;il soit n\u00e9cessaire de l&rsquo;en pr\u00e9venir formellement.<\/p>\n\n\n\n<p>Nous utilisons vos donn\u00e9es personnelles pour conclure et exc\u00e9cuter nos prestations y compris pour vous fournir des informations relatives \u00e0 nos services.<\/p>\n\n\n\n<p>Le pr\u00e9sent document a pour objet de vous informer de la mani\u00e8re dont nous utilisons et prot\u00e8geons vos donn\u00e9es personnelles, ainsi que des raisons pour lesquelles nous traitons ces donn\u00e9es.<\/p>\n\n\n\n<p><\/p>\n\n\n\n<p><\/p>\n","protected":false},"excerpt":{"rendered":"<p>SITE : \u00d4 BIEN ETRE D&rsquo;HERBAUGES ARTICLE 1 : Pr\u00e9ambule La pr\u00e9sente politique de confidentialit\u00e9 a pour but d&rsquo;informer les utilisateurs du site : ARTICLE 2 : Principes relatifs \u00e0 &hellip; <\/p>\n","protected":false},"author":1,"featured_media":0,"parent":0,"menu_order":0,"comment_status":"closed","ping_status":"closed","template":"","meta":{"_uag_custom_page_level_css":"","_exactmetrics_skip_tracking":false,"_exactmetrics_sitenote_active":false,"_exactmetrics_sitenote_note":"","_exactmetrics_sitenote_category":0,"_monsterinsights_skip_tracking":false,"_monsterinsights_sitenote_active":false,"_monsterinsights_sitenote_note":"","_monsterinsights_sitenote_category":0,"footnotes":""},"class_list":["post-293","page","type-page","status-publish","hentry"],"aioseo_notices":[],"uagb_featured_image_src":{"full":false,"thumbnail":false,"medium":false,"medium_large":false,"large":false,"1536x1536":false,"2048x2048":false,"blossom-spa-single":false,"blossom-spa-service":false,"blossom-spa-team":false,"blossom-spa-pagination":false,"blossom-spa-blog-list":false,"blossom-spa-blog-classic":false,"blossom-spa-blog-classic-full":false,"blossom-spa-related":false,"woocommerce_thumbnail":false,"woocommerce_single":false,"woocommerce_gallery_thumbnail":false},"uagb_author_info":{"display_name":"ALEXANDRA","author_link":"https:\/\/obienetredherbauges.fr\/index.php\/author\/obienetredherbauges-fr\/"},"uagb_comment_info":0,"uagb_excerpt":"SITE : \u00d4 BIEN ETRE D&rsquo;HERBAUGES ARTICLE 1 : Pr\u00e9ambule La pr\u00e9sente politique de confidentialit\u00e9 a pour but d&rsquo;informer les utilisateurs du site : ARTICLE 2 : Principes relatifs \u00e0 &hellip;","jetpack_sharing_enabled":true,"_links":{"self":[{"href":"https:\/\/obienetredherbauges.fr\/index.php\/wp-json\/wp\/v2\/pages\/293","targetHints":{"allow":["GET"]}}],"collection":[{"href":"https:\/\/obienetredherbauges.fr\/index.php\/wp-json\/wp\/v2\/pages"}],"about":[{"href":"https:\/\/obienetredherbauges.fr\/index.php\/wp-json\/wp\/v2\/types\/page"}],"author":[{"embeddable":true,"href":"https:\/\/obienetredherbauges.fr\/index.php\/wp-json\/wp\/v2\/users\/1"}],"replies":[{"embeddable":true,"href":"https:\/\/obienetredherbauges.fr\/index.php\/wp-json\/wp\/v2\/comments?post=293"}],"version-history":[{"count":35,"href":"https:\/\/obienetredherbauges.fr\/index.php\/wp-json\/wp\/v2\/pages\/293\/revisions"}],"predecessor-version":[{"id":757,"href":"https:\/\/obienetredherbauges.fr\/index.php\/wp-json\/wp\/v2\/pages\/293\/revisions\/757"}],"wp:attachment":[{"href":"https:\/\/obienetredherbauges.fr\/index.php\/wp-json\/wp\/v2\/media?parent=293"}],"curies":[{"name":"wp","href":"https:\/\/api.w.org\/{rel}","templated":true}]}}