{"id":287,"date":"2023-06-27T21:55:57","date_gmt":"2023-06-27T19:55:57","guid":{"rendered":"https:\/\/obienetredherbauges.fr\/?page_id=287"},"modified":"2023-07-28T22:23:08","modified_gmt":"2023-07-28T20:23:08","slug":"mentions-legales","status":"publish","type":"page","link":"https:\/\/obienetredherbauges.fr\/index.php\/mentions-legales\/","title":{"rendered":"Mentions l\u00e9gales"},"content":{"rendered":"\n<h3 class=\"wp-block-heading\">Identit\u00e9 &#8211; <\/h3>\n\n\n\n<p>Le site est assur\u00e9 par Baudry Alexandra, domicili\u00e9e au 35 rue du Gotha, 44118 La Chevroli\u00e8re. Le num\u00e9ro de t\u00e9l\u00e9phone est le 07-45-19-54-01, et l&rsquo;adresse e-mail : baudry.alexandra@obienetredherbauges.fr.<\/p>\n\n\n\n<p>\u00d4 bien \u00eatre d&rsquo;Herbauges est une entreprise individuelle, le num\u00e9ro de siret est le 95268494200016.<\/p>\n\n\n\n<h3 class=\"wp-block-heading\">Propri\u00e9t\u00e9 intellectuelle &#8211; <\/h3>\n\n\n\n<p>Certaines images, illustrations ou photographies proviennent du site : <a href=\"https:\/\/www.pexels.com\/fr-fr\/\">Pexels<\/a> \/ <a href=\"https:\/\/www.canva.com\/fr_fr\/\">canva<\/a> <br>Des citations ou des textes peuvent provenir d&rsquo;auteur, \u00d4 bien \u00eatre d&rsquo;Herbauges cite la source du texte.<\/p>\n\n\n\n<h3 class=\"wp-block-heading\">H\u00e9bergeur &#8211; <\/h3>\n\n\n\n<p>L&rsquo;h\u00e9bergeur du site est la soci\u00e9t\u00e9 Hostinger, dont le si\u00e8ge social est situ\u00e9 au 61 Lordou Vironos Street, 6023 Larnaca, et l&rsquo;adresse e-mail :<br>gdpr@hostinger.com <\/p>\n","protected":false},"excerpt":{"rendered":"<p>Identit\u00e9 &#8211; Le site est assur\u00e9 par Baudry Alexandra, domicili\u00e9e au 35 rue du Gotha, 44118 La Chevroli\u00e8re. Le num\u00e9ro de t\u00e9l\u00e9phone est le 07-45-19-54-01, et l&rsquo;adresse e-mail : baudry.alexandra@obienetredherbauges.fr. &hellip; <\/p>\n","protected":false},"author":1,"featured_media":0,"parent":0,"menu_order":0,"comment_status":"closed","ping_status":"closed","template":"","meta":{"_uag_custom_page_level_css":"","_exactmetrics_skip_tracking":false,"_exactmetrics_sitenote_active":false,"_exactmetrics_sitenote_note":"","_exactmetrics_sitenote_category":0,"_monsterinsights_skip_tracking":false,"_monsterinsights_sitenote_active":false,"_monsterinsights_sitenote_note":"","_monsterinsights_sitenote_category":0,"footnotes":""},"class_list":["post-287","page","type-page","status-publish","hentry"],"aioseo_notices":[],"uagb_featured_image_src":{"full":false,"thumbnail":false,"medium":false,"medium_large":false,"large":false,"1536x1536":false,"2048x2048":false,"blossom-spa-single":false,"blossom-spa-service":false,"blossom-spa-team":false,"blossom-spa-pagination":false,"blossom-spa-blog-list":false,"blossom-spa-blog-classic":false,"blossom-spa-blog-classic-full":false,"blossom-spa-related":false,"woocommerce_thumbnail":false,"woocommerce_single":false,"woocommerce_gallery_thumbnail":false},"uagb_author_info":{"display_name":"ALEXANDRA","author_link":"https:\/\/obienetredherbauges.fr\/index.php\/author\/obienetredherbauges-fr\/"},"uagb_comment_info":0,"uagb_excerpt":"Identit\u00e9 &#8211; Le site est assur\u00e9 par Baudry Alexandra, domicili\u00e9e au 35 rue du Gotha, 44118 La Chevroli\u00e8re. Le num\u00e9ro de t\u00e9l\u00e9phone est le 07-45-19-54-01, et l&rsquo;adresse e-mail : baudry.alexandra@obienetredherbauges.fr. &hellip;","jetpack_sharing_enabled":true,"_links":{"self":[{"href":"https:\/\/obienetredherbauges.fr\/index.php\/wp-json\/wp\/v2\/pages\/287","targetHints":{"allow":["GET"]}}],"collection":[{"href":"https:\/\/obienetredherbauges.fr\/index.php\/wp-json\/wp\/v2\/pages"}],"about":[{"href":"https:\/\/obienetredherbauges.fr\/index.php\/wp-json\/wp\/v2\/types\/page"}],"author":[{"embeddable":true,"href":"https:\/\/obienetredherbauges.fr\/index.php\/wp-json\/wp\/v2\/users\/1"}],"replies":[{"embeddable":true,"href":"https:\/\/obienetredherbauges.fr\/index.php\/wp-json\/wp\/v2\/comments?post=287"}],"version-history":[{"count":10,"href":"https:\/\/obienetredherbauges.fr\/index.php\/wp-json\/wp\/v2\/pages\/287\/revisions"}],"predecessor-version":[{"id":727,"href":"https:\/\/obienetredherbauges.fr\/index.php\/wp-json\/wp\/v2\/pages\/287\/revisions\/727"}],"wp:attachment":[{"href":"https:\/\/obienetredherbauges.fr\/index.php\/wp-json\/wp\/v2\/media?parent=287"}],"curies":[{"name":"wp","href":"https:\/\/api.w.org\/{rel}","templated":true}]}}