{"id":27,"date":"2023-06-14T16:37:39","date_gmt":"2023-06-14T14:37:39","guid":{"rendered":"https:\/\/obienetredherbauges.fr\/?page_id=27"},"modified":"2025-01-14T19:07:21","modified_gmt":"2025-01-14T18:07:21","slug":"contact","status":"publish","type":"page","link":"https:\/\/obienetredherbauges.fr\/index.php\/contact\/","title":{"rendered":"Contact"},"content":{"rendered":"\n<hr class=\"wp-block-separator has-alpha-channel-opacity\"\/>\n\n\n\n<div class=\"wp-block-columns is-layout-flex wp-container-core-columns-is-layout-9d6595d7 wp-block-columns-is-layout-flex\">\n<div class=\"wp-block-column is-layout-flow wp-block-column-is-layout-flow\" style=\"flex-basis:100%\">\n<div class=\"wp-block-columns is-layout-flex wp-container-core-columns-is-layout-9d6595d7 wp-block-columns-is-layout-flex\">\n<div class=\"wp-block-column is-layout-flow wp-block-column-is-layout-flow\" style=\"flex-basis:33.33%\"><div class=\"is-default-size wp-block-site-logo\"><a href=\"https:\/\/obienetredherbauges.fr\/\" class=\"custom-logo-link\" rel=\"home\"><img loading=\"lazy\" decoding=\"async\" width=\"200\" height=\"200\" src=\"https:\/\/i0.wp.com\/obienetredherbauges.fr\/wp-content\/uploads\/2023\/06\/Copie-de-Logo-2-1-1-e1688650141418.png?fit=200%2C200&amp;ssl=1\" class=\"custom-logo\" alt=\"Logo de mon entreprise \u00d4 bien \u00eatre d&#039;Herbauges\" srcset=\"https:\/\/i0.wp.com\/obienetredherbauges.fr\/wp-content\/uploads\/2023\/06\/Copie-de-Logo-2-1-1-e1688650141418.png?w=200&amp;ssl=1 200w, https:\/\/i0.wp.com\/obienetredherbauges.fr\/wp-content\/uploads\/2023\/06\/Copie-de-Logo-2-1-1-e1688650141418.png?resize=150%2C150&amp;ssl=1 150w, https:\/\/i0.wp.com\/obienetredherbauges.fr\/wp-content\/uploads\/2023\/06\/Copie-de-Logo-2-1-1-e1688650141418.png?resize=60%2C60&amp;ssl=1 60w\" sizes=\"auto, (max-width: 200px) 100vw, 200px\" data-attachment-id=\"37\" data-permalink=\"https:\/\/obienetredherbauges.fr\/index.php\/qui-suis-je\/copie-de-logo-2-1-1\/\" data-orig-file=\"https:\/\/i0.wp.com\/obienetredherbauges.fr\/wp-content\/uploads\/2023\/06\/Copie-de-Logo-2-1-1-e1688650141418.png?fit=200%2C200&amp;ssl=1\" data-orig-size=\"200,200\" data-comments-opened=\"1\" data-image-meta=\"{&quot;aperture&quot;:&quot;0&quot;,&quot;credit&quot;:&quot;&quot;,&quot;camera&quot;:&quot;&quot;,&quot;caption&quot;:&quot;&quot;,&quot;created_timestamp&quot;:&quot;0&quot;,&quot;copyright&quot;:&quot;&quot;,&quot;focal_length&quot;:&quot;0&quot;,&quot;iso&quot;:&quot;0&quot;,&quot;shutter_speed&quot;:&quot;0&quot;,&quot;title&quot;:&quot;&quot;,&quot;orientation&quot;:&quot;0&quot;}\" data-image-title=\"Logo \u00d4 bien \u00eatre d&amp;rsquo;Herbauges\" data-image-description=\"&lt;p&gt;Notre logo est compos\u00e9 d&amp;rsquo;une fleur de lotus avec des couleurs vertes pastels &lt;\/p&gt;\n\" data-image-caption=\"&lt;p&gt;Vous retrouvez notre logo sur notre site &lt;\/p&gt;\n\" data-medium-file=\"https:\/\/i0.wp.com\/obienetredherbauges.fr\/wp-content\/uploads\/2023\/06\/Copie-de-Logo-2-1-1-e1688650141418.png?fit=200%2C200&amp;ssl=1\" data-large-file=\"https:\/\/i0.wp.com\/obienetredherbauges.fr\/wp-content\/uploads\/2023\/06\/Copie-de-Logo-2-1-1-e1688650141418.png?fit=200%2C200&amp;ssl=1\" \/><\/a><\/div>\n\n\n<h3 class=\"wp-block-heading\">Mon contact  <\/h3>\n\n\n\n<p class=\"has-text-align-left\">Nom du contact &#8211;<br><a href=\"https:\/\/obienetredherbauges.fr\/index.php\/qui-suis-je\/\">Alexandra BAUDRY<\/a><\/p>\n\n\n\n<p class=\"has-text-align-left\">Email &#8211;                             <br><a href=\"mailto:contact@obienetredherbauges.fr\">contact@obienetredherbauges.fr<\/a><\/p>\n\n\n\n<p>Num\u00e9ro de t\u00e9l\u00e9phone &#8211;<br><a href=\"tel:0745195401\">07 45 19 54 01<\/a><\/p>\n\n\n\n<ul class=\"wp-block-social-links alignleft is-content-justification-center is-layout-flex wp-container-core-social-links-is-layout-16018d1d wp-block-social-links-is-layout-flex\"><li class=\"wp-social-link wp-social-link-instagram  wp-block-social-link\"><a href=\"https:\/\/www.instagram.com\/obienetredherbauges\/\" class=\"wp-block-social-link-anchor\"><svg width=\"24\" height=\"24\" viewBox=\"0 0 24 24\" version=\"1.1\" xmlns=\"http:\/\/www.w3.org\/2000\/svg\" aria-hidden=\"true\" focusable=\"false\"><path d=\"M12,4.622c2.403,0,2.688,0.009,3.637,0.052c0.877,0.04,1.354,0.187,1.671,0.31c0.42,0.163,0.72,0.358,1.035,0.673 c0.315,0.315,0.51,0.615,0.673,1.035c0.123,0.317,0.27,0.794,0.31,1.671c0.043,0.949,0.052,1.234,0.052,3.637 s-0.009,2.688-0.052,3.637c-0.04,0.877-0.187,1.354-0.31,1.671c-0.163,0.42-0.358,0.72-0.673,1.035 c-0.315,0.315-0.615,0.51-1.035,0.673c-0.317,0.123-0.794,0.27-1.671,0.31c-0.949,0.043-1.233,0.052-3.637,0.052 s-2.688-0.009-3.637-0.052c-0.877-0.04-1.354-0.187-1.671-0.31c-0.42-0.163-0.72-0.358-1.035-0.673 c-0.315-0.315-0.51-0.615-0.673-1.035c-0.123-0.317-0.27-0.794-0.31-1.671C4.631,14.688,4.622,14.403,4.622,12 s0.009-2.688,0.052-3.637c0.04-0.877,0.187-1.354,0.31-1.671c0.163-0.42,0.358-0.72,0.673-1.035 c0.315-0.315,0.615-0.51,1.035-0.673c0.317-0.123,0.794-0.27,1.671-0.31C9.312,4.631,9.597,4.622,12,4.622 M12,3 C9.556,3,9.249,3.01,8.289,3.054C7.331,3.098,6.677,3.25,6.105,3.472C5.513,3.702,5.011,4.01,4.511,4.511 c-0.5,0.5-0.808,1.002-1.038,1.594C3.25,6.677,3.098,7.331,3.054,8.289C3.01,9.249,3,9.556,3,12c0,2.444,0.01,2.751,0.054,3.711 c0.044,0.958,0.196,1.612,0.418,2.185c0.23,0.592,0.538,1.094,1.038,1.594c0.5,0.5,1.002,0.808,1.594,1.038 c0.572,0.222,1.227,0.375,2.185,0.418C9.249,20.99,9.556,21,12,21s2.751-0.01,3.711-0.054c0.958-0.044,1.612-0.196,2.185-0.418 c0.592-0.23,1.094-0.538,1.594-1.038c0.5-0.5,0.808-1.002,1.038-1.594c0.222-0.572,0.375-1.227,0.418-2.185 C20.99,14.751,21,14.444,21,12s-0.01-2.751-0.054-3.711c-0.044-0.958-0.196-1.612-0.418-2.185c-0.23-0.592-0.538-1.094-1.038-1.594 c-0.5-0.5-1.002-0.808-1.594-1.038c-0.572-0.222-1.227-0.375-2.185-0.418C14.751,3.01,14.444,3,12,3L12,3z M12,7.378 c-2.552,0-4.622,2.069-4.622,4.622S9.448,16.622,12,16.622s4.622-2.069,4.622-4.622S14.552,7.378,12,7.378z M12,15 c-1.657,0-3-1.343-3-3s1.343-3,3-3s3,1.343,3,3S13.657,15,12,15z M16.804,6.116c-0.596,0-1.08,0.484-1.08,1.08 s0.484,1.08,1.08,1.08c0.596,0,1.08-0.484,1.08-1.08S17.401,6.116,16.804,6.116z\"><\/path><\/svg><span class=\"wp-block-social-link-label screen-reader-text\">Instagram<\/span><\/a><\/li>\n\n<li class=\"wp-social-link wp-social-link-facebook  wp-block-social-link\"><a href=\"https:\/\/www.facebook.com\/obienetredherbauges\/\" class=\"wp-block-social-link-anchor\"><svg width=\"24\" height=\"24\" viewBox=\"0 0 24 24\" version=\"1.1\" xmlns=\"http:\/\/www.w3.org\/2000\/svg\" aria-hidden=\"true\" focusable=\"false\"><path d=\"M12 2C6.5 2 2 6.5 2 12c0 5 3.7 9.1 8.4 9.9v-7H7.9V12h2.5V9.8c0-2.5 1.5-3.9 3.8-3.9 1.1 0 2.2.2 2.2.2v2.5h-1.3c-1.2 0-1.6.8-1.6 1.6V12h2.8l-.4 2.9h-2.3v7C18.3 21.1 22 17 22 12c0-5.5-4.5-10-10-10z\"><\/path><\/svg><span class=\"wp-block-social-link-label screen-reader-text\">Facebook<\/span><\/a><\/li><\/ul>\n<\/div>\n\n\n\n<div class=\"wp-block-column is-layout-flow wp-block-column-is-layout-flow\" style=\"flex-basis:66.66%\">\n<h3 class=\"wp-block-heading\">Formulaire de contact <\/h3>\n\n\n\n<p>Vous avez une question, une demande ? Vous pouvez m&rsquo;\u00e9crire en remplissant le formulaire ci-dessous :<\/p>\n\n\n<style id=\"wpforms-css-vars-50-block-b24f0fb8-15cb-4cc6-a887-dd966193b6ad\">\n\t\t\t\t#wpforms-50.wpforms-block-b24f0fb8-15cb-4cc6-a887-dd966193b6ad {\n\t\t\t\t--wpforms-field-size-input-height: 43px;\n--wpforms-field-size-input-spacing: 15px;\n--wpforms-field-size-font-size: 16px;\n--wpforms-field-size-line-height: 19px;\n--wpforms-field-size-padding-h: 14px;\n--wpforms-field-size-checkbox-size: 16px;\n--wpforms-field-size-sublabel-spacing: 5px;\n--wpforms-field-size-icon-size: 1;\n--wpforms-label-size-font-size: 16px;\n--wpforms-label-size-line-height: 19px;\n--wpforms-label-size-sublabel-font-size: 14px;\n--wpforms-label-size-sublabel-line-height: 17px;\n--wpforms-button-size-font-size: 17px;\n--wpforms-button-size-height: 41px;\n--wpforms-button-size-padding-h: 15px;\n--wpforms-button-size-margin-top: 10px;\n\t\t\t}\n\t\t\t<\/style><div class=\"wpforms-container wpforms-container-full wpforms-block wpforms-block-b24f0fb8-15cb-4cc6-a887-dd966193b6ad wpforms-render-modern\" id=\"wpforms-50\"><form id=\"wpforms-form-50\" class=\"wpforms-validate wpforms-form wpforms-ajax-form\" data-formid=\"50\" method=\"post\" enctype=\"multipart\/form-data\" action=\"\/index.php\/wp-json\/wp\/v2\/pages\/27\" data-token=\"fe47c47c174862d42307044d80edbaca\" data-token-time=\"1775261356\"><noscript class=\"wpforms-error-noscript\">Veuillez activer JavaScript dans votre navigateur pour remplir ce formulaire.<\/noscript><div id=\"wpforms-error-noscript\" style=\"display: none;\">Veuillez activer JavaScript dans votre navigateur pour remplir ce formulaire.<\/div><div class=\"wpforms-field-container\"><div id=\"wpforms-50-field_4-container\" class=\"wpforms-field wpforms-field-name\" data-field-id=\"4\"><label class=\"wpforms-field-label\" for=\"wpforms-50-field_4\">Nom Pr\u00e9nom <span class=\"wpforms-required-label\" aria-hidden=\"true\">*<\/span><\/label><input type=\"text\" id=\"wpforms-50-field_4\" class=\"wpforms-field-medium wpforms-field-required\" name=\"wpforms[fields][4]\" aria-errormessage=\"wpforms-50-field_4-error\" required><\/div><div id=\"wpforms-50-field_3-container\" class=\"wpforms-field wpforms-field-email\" data-field-id=\"3\"><label class=\"wpforms-field-label\" for=\"wpforms-50-field_3\">E-mail <span class=\"wpforms-required-label\" aria-hidden=\"true\">*<\/span><\/label><input type=\"email\" id=\"wpforms-50-field_3\" class=\"wpforms-field-medium wpforms-field-required\" name=\"wpforms[fields][3]\" spellcheck=\"false\" aria-errormessage=\"wpforms-50-field_3-error\" required><\/div><div id=\"wpforms-50-field_5-container\" class=\"wpforms-field wpforms-field-number\" data-field-id=\"5\"><label class=\"wpforms-field-label\" for=\"wpforms-50-field_5\">Num\u00e9ro de t\u00e9l\u00e9phone<\/label><input type=\"number\" id=\"wpforms-50-field_5\" class=\"wpforms-field-medium\" name=\"wpforms[fields][5]\" step=\"any\" aria-errormessage=\"wpforms-50-field_5-error\" ><\/div><div id=\"wpforms-50-field_6-container\" class=\"wpforms-field wpforms-field-text\" data-field-id=\"6\"><label class=\"wpforms-field-label\" for=\"wpforms-50-field_6\">Message <span class=\"wpforms-required-label\" aria-hidden=\"true\">*<\/span><\/label><input type=\"text\" id=\"wpforms-50-field_6\" class=\"wpforms-field-medium wpforms-field-required\" name=\"wpforms[fields][6]\" placeholder=\"                                                                                                                             \" aria-errormessage=\"wpforms-50-field_6-error\" required><\/div><div id=\"wpforms-50-field_7-container\" class=\"wpforms-field wpforms-field-checkbox\" data-field-id=\"7\"><fieldset><legend class=\"wpforms-field-label\">Consentement  <span class=\"wpforms-required-label\" aria-hidden=\"true\">*<\/span><\/legend><ul id=\"wpforms-50-field_7\" class=\"wpforms-field-required\" data-choice-limit=\"1\"><li class=\"choice-1 depth-1\"><input type=\"checkbox\" id=\"wpforms-50-field_7_1\" data-rule-check-limit=\"true\" name=\"wpforms[fields][7][]\" value=\"J&#039;accepte de transmettre mes donn\u00e9es personnelles apr\u00e8s avoir pris connaissance de la Politique de confidentialit\u00e9.\" aria-errormessage=\"wpforms-50-field_7_1-error\" aria-describedby=\"wpforms-50-field_7-description\" required ><label class=\"wpforms-field-label-inline\" for=\"wpforms-50-field_7_1\">J&rsquo;accepte de transmettre mes donn\u00e9es personnelles apr\u00e8s avoir pris connaissance de la Politique de confidentialit\u00e9.<\/label><\/li><\/ul><div id=\"wpforms-50-field_7-description\" class=\"wpforms-field-description\">Vous pouvez \u00e0 tout moment demander la modification ou la suppression de vos donn\u00e9es personnelles aupr\u00e8s d&rsquo;Alexandra BAUDRY via l&rsquo;adresse mail suivante : baudry.alexandra@obienetredherbauges.fr\r\n\r\n<\/div><\/fieldset><\/div><\/div><!-- .wpforms-field-container --><div class=\"wpforms-submit-container\" ><input type=\"hidden\" name=\"wpforms[id]\" value=\"50\"><input type=\"hidden\" name=\"page_title\" value=\"\"><input type=\"hidden\" name=\"page_url\" value=\"https:\/\/obienetredherbauges.fr\/index.php\/wp-json\/wp\/v2\/pages\/27\"><input type=\"hidden\" name=\"url_referer\" value=\"\"><button type=\"submit\" name=\"wpforms[submit]\" id=\"wpforms-submit-50\" class=\"wpforms-submit\" data-alt-text=\"Envoi...\" data-submit-text=\"Envoyer\" aria-live=\"assertive\" value=\"wpforms-submit\">Envoyer<\/button><img loading=\"lazy\" decoding=\"async\" src=\"https:\/\/obienetredherbauges.fr\/wp-content\/plugins\/wpforms-lite\/assets\/images\/submit-spin.svg\" class=\"wpforms-submit-spinner\" style=\"display: none;\" width=\"26\" height=\"26\" alt=\"Chargement en cours\"><\/div><\/form><\/div>  <!-- .wpforms-container --><\/div>\n<\/div>\n<\/div>\n<\/div>\n","protected":false},"excerpt":{"rendered":"<p>Mon contact Nom du contact &#8211;Alexandra BAUDRY Email &#8211; contact@obienetredherbauges.fr Num\u00e9ro de t\u00e9l\u00e9phone &#8211;07 45 19 54 01 Formulaire de contact Vous avez une question, une demande ? Vous pouvez &hellip; <\/p>\n","protected":false},"author":2,"featured_media":81,"parent":0,"menu_order":4,"comment_status":"closed","ping_status":"closed","template":"","meta":{"_uag_custom_page_level_css":"","_exactmetrics_skip_tracking":false,"_exactmetrics_sitenote_active":false,"_exactmetrics_sitenote_note":"","_exactmetrics_sitenote_category":0,"_monsterinsights_skip_tracking":false,"_monsterinsights_sitenote_active":false,"_monsterinsights_sitenote_note":"","_monsterinsights_sitenote_category":0,"footnotes":""},"class_list":["post-27","page","type-page","status-publish","has-post-thumbnail","hentry"],"aioseo_notices":[],"uagb_featured_image_src":{"full":["https:\/\/i0.wp.com\/obienetredherbauges.fr\/wp-content\/uploads\/2023\/06\/cropped-cropped-IMG_4702-scaled-2-1.jpg?fit=1920%2C700&ssl=1",1920,700,false],"thumbnail":["https:\/\/i0.wp.com\/obienetredherbauges.fr\/wp-content\/uploads\/2023\/06\/cropped-cropped-IMG_4702-scaled-2-1.jpg?resize=150%2C150&ssl=1",150,150,true],"medium":["https:\/\/i0.wp.com\/obienetredherbauges.fr\/wp-content\/uploads\/2023\/06\/cropped-cropped-IMG_4702-scaled-2-1.jpg?fit=300%2C109&ssl=1",300,109,true],"medium_large":["https:\/\/i0.wp.com\/obienetredherbauges.fr\/wp-content\/uploads\/2023\/06\/cropped-cropped-IMG_4702-scaled-2-1.jpg?fit=767%2C280&ssl=1",767,280,true],"large":["https:\/\/i0.wp.com\/obienetredherbauges.fr\/wp-content\/uploads\/2023\/06\/cropped-cropped-IMG_4702-scaled-2-1.jpg?fit=767%2C279&ssl=1",767,279,true],"1536x1536":["https:\/\/i0.wp.com\/obienetredherbauges.fr\/wp-content\/uploads\/2023\/06\/cropped-cropped-IMG_4702-scaled-2-1.jpg?fit=1536%2C560&ssl=1",1536,560,true],"2048x2048":["https:\/\/i0.wp.com\/obienetredherbauges.fr\/wp-content\/uploads\/2023\/06\/cropped-cropped-IMG_4702-scaled-2-1.jpg?fit=1920%2C700&ssl=1",1920,700,true],"blossom-spa-single":["https:\/\/i0.wp.com\/obienetredherbauges.fr\/wp-content\/uploads\/2023\/06\/cropped-cropped-IMG_4702-scaled-2-1.jpg?resize=1920%2C700&ssl=1",1920,700,true],"blossom-spa-service":["https:\/\/i0.wp.com\/obienetredherbauges.fr\/wp-content\/uploads\/2023\/06\/cropped-cropped-IMG_4702-scaled-2-1.jpg?resize=480%2C324&ssl=1",480,324,true],"blossom-spa-team":["https:\/\/i0.wp.com\/obienetredherbauges.fr\/wp-content\/uploads\/2023\/06\/cropped-cropped-IMG_4702-scaled-2-1.jpg?resize=270%2C300&ssl=1",270,300,true],"blossom-spa-pagination":["https:\/\/i0.wp.com\/obienetredherbauges.fr\/wp-content\/uploads\/2023\/06\/cropped-cropped-IMG_4702-scaled-2-1.jpg?resize=370%2C247&ssl=1",370,247,true],"blossom-spa-blog-list":["https:\/\/i0.wp.com\/obienetredherbauges.fr\/wp-content\/uploads\/2023\/06\/cropped-cropped-IMG_4702-scaled-2-1.jpg?resize=640%2C480&ssl=1",640,480,true],"blossom-spa-blog-classic":["https:\/\/i0.wp.com\/obienetredherbauges.fr\/wp-content\/uploads\/2023\/06\/cropped-cropped-IMG_4702-scaled-2-1.jpg?resize=776%2C517&ssl=1",776,517,true],"blossom-spa-blog-classic-full":["https:\/\/i0.wp.com\/obienetredherbauges.fr\/wp-content\/uploads\/2023\/06\/cropped-cropped-IMG_4702-scaled-2-1.jpg?resize=1170%2C517&ssl=1",1170,517,true],"blossom-spa-related":["https:\/\/i0.wp.com\/obienetredherbauges.fr\/wp-content\/uploads\/2023\/06\/cropped-cropped-IMG_4702-scaled-2-1.jpg?resize=110%2C83&ssl=1",110,83,true],"woocommerce_thumbnail":["https:\/\/i0.wp.com\/obienetredherbauges.fr\/wp-content\/uploads\/2023\/06\/cropped-cropped-IMG_4702-scaled-2-1.jpg?resize=300%2C300&ssl=1",300,300,true],"woocommerce_single":["https:\/\/i0.wp.com\/obienetredherbauges.fr\/wp-content\/uploads\/2023\/06\/cropped-cropped-IMG_4702-scaled-2-1.jpg?fit=600%2C219&ssl=1",600,219,true],"woocommerce_gallery_thumbnail":["https:\/\/i0.wp.com\/obienetredherbauges.fr\/wp-content\/uploads\/2023\/06\/cropped-cropped-IMG_4702-scaled-2-1.jpg?resize=300%2C300&ssl=1",300,300,true]},"uagb_author_info":{"display_name":"BRICE BITON","author_link":"https:\/\/obienetredherbauges.fr\/index.php\/author\/brice\/"},"uagb_comment_info":0,"uagb_excerpt":"Mon contact Nom du contact &#8211;Alexandra BAUDRY Email &#8211; contact@obienetredherbauges.fr Num\u00e9ro de t\u00e9l\u00e9phone &#8211;07 45 19 54 01 Formulaire de contact Vous avez une question, une demande ? Vous pouvez &hellip;","jetpack_sharing_enabled":true,"_links":{"self":[{"href":"https:\/\/obienetredherbauges.fr\/index.php\/wp-json\/wp\/v2\/pages\/27","targetHints":{"allow":["GET"]}}],"collection":[{"href":"https:\/\/obienetredherbauges.fr\/index.php\/wp-json\/wp\/v2\/pages"}],"about":[{"href":"https:\/\/obienetredherbauges.fr\/index.php\/wp-json\/wp\/v2\/types\/page"}],"author":[{"embeddable":true,"href":"https:\/\/obienetredherbauges.fr\/index.php\/wp-json\/wp\/v2\/users\/2"}],"replies":[{"embeddable":true,"href":"https:\/\/obienetredherbauges.fr\/index.php\/wp-json\/wp\/v2\/comments?post=27"}],"version-history":[{"count":16,"href":"https:\/\/obienetredherbauges.fr\/index.php\/wp-json\/wp\/v2\/pages\/27\/revisions"}],"predecessor-version":[{"id":1037,"href":"https:\/\/obienetredherbauges.fr\/index.php\/wp-json\/wp\/v2\/pages\/27\/revisions\/1037"}],"wp:featuredmedia":[{"embeddable":true,"href":"https:\/\/obienetredherbauges.fr\/index.php\/wp-json\/wp\/v2\/media\/81"}],"wp:attachment":[{"href":"https:\/\/obienetredherbauges.fr\/index.php\/wp-json\/wp\/v2\/media?parent=27"}],"curies":[{"name":"wp","href":"https:\/\/api.w.org\/{rel}","templated":true}]}}