{"id":26,"date":"2023-06-14T16:37:39","date_gmt":"2023-06-14T14:37:39","guid":{"rendered":"https:\/\/obienetredherbauges.fr\/?page_id=26"},"modified":"2026-02-26T17:36:29","modified_gmt":"2026-02-26T16:36:29","slug":"qui-suis-je","status":"publish","type":"page","link":"https:\/\/obienetredherbauges.fr\/index.php\/qui-suis-je\/","title":{"rendered":"Qui suis-je ?"},"content":{"rendered":"\n<h2 class=\"wp-block-heading\">Mon parcours professionnel <\/h2>\n\n\n<div class=\"wp-block-image\">\n<figure class=\"aligncenter size-large is-resized\"><img data-recalc-dims=\"1\" height=\"1023\" width=\"767\" decoding=\"async\" data-attachment-id=\"438\" data-permalink=\"https:\/\/obienetredherbauges.fr\/index.php\/qui-suis-je\/img_4591\/\" data-orig-file=\"https:\/\/i0.wp.com\/obienetredherbauges.fr\/wp-content\/uploads\/2023\/07\/IMG_4591-scaled.jpg?fit=1920%2C2560&amp;ssl=1\" data-orig-size=\"1920,2560\" data-comments-opened=\"1\" data-image-meta=\"{&quot;aperture&quot;:&quot;1.8&quot;,&quot;credit&quot;:&quot;&quot;,&quot;camera&quot;:&quot;iPhone 11&quot;,&quot;caption&quot;:&quot;&quot;,&quot;created_timestamp&quot;:&quot;1688238832&quot;,&quot;copyright&quot;:&quot;&quot;,&quot;focal_length&quot;:&quot;4.25&quot;,&quot;iso&quot;:&quot;32&quot;,&quot;shutter_speed&quot;:&quot;0.0028409090909091&quot;,&quot;title&quot;:&quot;&quot;,&quot;orientation&quot;:&quot;1&quot;}\" data-image-title=\"IMG_4591\" data-image-description=\"\" data-image-caption=\"\" data-medium-file=\"https:\/\/i0.wp.com\/obienetredherbauges.fr\/wp-content\/uploads\/2023\/07\/IMG_4591-scaled.jpg?fit=225%2C300&amp;ssl=1\" data-large-file=\"https:\/\/i0.wp.com\/obienetredherbauges.fr\/wp-content\/uploads\/2023\/07\/IMG_4591-scaled.jpg?fit=767%2C1023&amp;ssl=1\" src=\"https:\/\/i0.wp.com\/obienetredherbauges.fr\/wp-content\/uploads\/2023\/07\/IMG_4591.jpg?resize=767%2C1023&#038;ssl=1\" alt=\"\" class=\"wp-image-438\" style=\"width:214px;height:286px\"\/><\/figure>\n<\/div>\n\n\n<hr class=\"wp-block-separator has-alpha-channel-opacity\"\/>\n\n\n\n<p class=\"has-text-align-center\"><strong>Alexandra BAUDRY<\/strong><br>Je suis praticienne en<strong> Kin\u00e9siologie<\/strong>, en<strong> soin \u00e9nerg\u00e9tique Reiki<\/strong> et en <strong>massage sonore aux bols tib\u00e9tains<\/strong>. <\/p>\n\n\n\n<p class=\"has-text-align-center\">Je propose \u00e9galement des th\u00e8mes de naissance en <strong>Num\u00e9rologie Karmique Tib\u00e9taine<\/strong>. J&rsquo;ai h\u00e2te de vous faire d\u00e9couvir votre chemin de vie, peut-\u00eatre encore inconnu pour vous, qui vous conduira vers une vie \u00e9panouie et plus align\u00e9e avec vos valeurs.<\/p>\n\n\n\n<p class=\"has-text-align-center\">Comptable pendant plus de 30 ans, j&rsquo;ai quitt\u00e9 mon emploi suite \u00e0 un \u00e9puisement professionnel. Le temps de la reconstruction m&rsquo;a permis de me poser et de r\u00e9fl\u00e9chir \u00e0 mon avenir. Mais que vais-je faire ? Pas facile \u00e0 50 ans. J&rsquo;ai toujours \u00e9t\u00e9 attir\u00e9e par les m\u00e9tiers du bien-\u00eatre, dans le but de prendre soin des autres et d&rsquo;\u00eatre \u00e0 leur \u00e9coute.<\/p>\n\n\n\n<ul class=\"wp-block-social-links aligncenter is-layout-flex wp-block-social-links-is-layout-flex\"><li class=\"wp-social-link wp-social-link-facebook  wp-block-social-link\"><a href=\"https:\/\/www.facebook.com\/obienetredherbauges\/\" class=\"wp-block-social-link-anchor\"><svg width=\"24\" height=\"24\" viewBox=\"0 0 24 24\" version=\"1.1\" xmlns=\"http:\/\/www.w3.org\/2000\/svg\" aria-hidden=\"true\" focusable=\"false\"><path d=\"M12 2C6.5 2 2 6.5 2 12c0 5 3.7 9.1 8.4 9.9v-7H7.9V12h2.5V9.8c0-2.5 1.5-3.9 3.8-3.9 1.1 0 2.2.2 2.2.2v2.5h-1.3c-1.2 0-1.6.8-1.6 1.6V12h2.8l-.4 2.9h-2.3v7C18.3 21.1 22 17 22 12c0-5.5-4.5-10-10-10z\"><\/path><\/svg><span class=\"wp-block-social-link-label screen-reader-text\">Facebook<\/span><\/a><\/li>\n\n<li class=\"wp-social-link wp-social-link-instagram  wp-block-social-link\"><a href=\"https:\/\/www.instagram.com\/obienetredherbauges\/\" class=\"wp-block-social-link-anchor\"><svg width=\"24\" height=\"24\" viewBox=\"0 0 24 24\" version=\"1.1\" xmlns=\"http:\/\/www.w3.org\/2000\/svg\" aria-hidden=\"true\" focusable=\"false\"><path d=\"M12,4.622c2.403,0,2.688,0.009,3.637,0.052c0.877,0.04,1.354,0.187,1.671,0.31c0.42,0.163,0.72,0.358,1.035,0.673 c0.315,0.315,0.51,0.615,0.673,1.035c0.123,0.317,0.27,0.794,0.31,1.671c0.043,0.949,0.052,1.234,0.052,3.637 s-0.009,2.688-0.052,3.637c-0.04,0.877-0.187,1.354-0.31,1.671c-0.163,0.42-0.358,0.72-0.673,1.035 c-0.315,0.315-0.615,0.51-1.035,0.673c-0.317,0.123-0.794,0.27-1.671,0.31c-0.949,0.043-1.233,0.052-3.637,0.052 s-2.688-0.009-3.637-0.052c-0.877-0.04-1.354-0.187-1.671-0.31c-0.42-0.163-0.72-0.358-1.035-0.673 c-0.315-0.315-0.51-0.615-0.673-1.035c-0.123-0.317-0.27-0.794-0.31-1.671C4.631,14.688,4.622,14.403,4.622,12 s0.009-2.688,0.052-3.637c0.04-0.877,0.187-1.354,0.31-1.671c0.163-0.42,0.358-0.72,0.673-1.035 c0.315-0.315,0.615-0.51,1.035-0.673c0.317-0.123,0.794-0.27,1.671-0.31C9.312,4.631,9.597,4.622,12,4.622 M12,3 C9.556,3,9.249,3.01,8.289,3.054C7.331,3.098,6.677,3.25,6.105,3.472C5.513,3.702,5.011,4.01,4.511,4.511 c-0.5,0.5-0.808,1.002-1.038,1.594C3.25,6.677,3.098,7.331,3.054,8.289C3.01,9.249,3,9.556,3,12c0,2.444,0.01,2.751,0.054,3.711 c0.044,0.958,0.196,1.612,0.418,2.185c0.23,0.592,0.538,1.094,1.038,1.594c0.5,0.5,1.002,0.808,1.594,1.038 c0.572,0.222,1.227,0.375,2.185,0.418C9.249,20.99,9.556,21,12,21s2.751-0.01,3.711-0.054c0.958-0.044,1.612-0.196,2.185-0.418 c0.592-0.23,1.094-0.538,1.594-1.038c0.5-0.5,0.808-1.002,1.038-1.594c0.222-0.572,0.375-1.227,0.418-2.185 C20.99,14.751,21,14.444,21,12s-0.01-2.751-0.054-3.711c-0.044-0.958-0.196-1.612-0.418-2.185c-0.23-0.592-0.538-1.094-1.038-1.594 c-0.5-0.5-1.002-0.808-1.594-1.038c-0.572-0.222-1.227-0.375-2.185-0.418C14.751,3.01,14.444,3,12,3L12,3z M12,7.378 c-2.552,0-4.622,2.069-4.622,4.622S9.448,16.622,12,16.622s4.622-2.069,4.622-4.622S14.552,7.378,12,7.378z M12,15 c-1.657,0-3-1.343-3-3s1.343-3,3-3s3,1.343,3,3S13.657,15,12,15z M16.804,6.116c-0.596,0-1.08,0.484-1.08,1.08 s0.484,1.08,1.08,1.08c0.596,0,1.08-0.484,1.08-1.08S17.401,6.116,16.804,6.116z\"><\/path><\/svg><span class=\"wp-block-social-link-label screen-reader-text\">Instagram<\/span><\/a><\/li><\/ul>\n\n\n\n<h3 class=\"wp-block-heading\">Mes diff\u00e9rentes formations<\/h3>\n\n\n\n<p class=\"has-text-align-justify\">J&rsquo;ai commenc\u00e9 \u00e0 suivre une formation de soin \u00e9nerg\u00e9tique : le Reiki. Cela a tout de suite \u00e9t\u00e9 une \u00e9vidence pour moi. Je me suis pleinement retrouv\u00e9e \u00e0 ma place. Le Reiki est devenu une pratique quotidienne. Il permet d&rsquo;\u00eatre \u00e0 l&rsquo;\u00e9coute de son corps et de ses \u00e9motions, mais aussi d&rsquo;en faire b\u00e9n\u00e9ficier ses proches. J&rsquo;ai obtenu mes 4 niveaux de Reiki Usui jusqu&rsquo;\u00e0 la ma\u00eetrise (ma\u00eetre enseignant).<\/p>\n\n\n\n<p class=\"has-text-align-justify\">Dans la poursuite de mon cheminement, et comme par hasard (mais non il n&rsquo;y a jamais de hasard dans la vie), j&rsquo;ai d\u00e9couvert la Num\u00e9rologie Karmique Tib\u00e9taine. Apr\u00e8s avoir re\u00e7u un extrait de mon th\u00e8me, je suis rest\u00e9e sans voix&#8230; Et devinez ? Mon chemin et ma mission de vie parlent de gu\u00e9rison et de bien-\u00eatre. Plus aucun doute pour moi dans le choix de poursuivre mon activit\u00e9 professionnelle dans le bien-\u00eatre et l&rsquo;aide aux autres. Dans cet \u00e9lan et avec l&rsquo;envie d&rsquo;en savoir plus sur mon th\u00e8me complet, j&rsquo;ai suivi une formation de Num\u00e9rologie Karmique Tib\u00e9taine. A la fin de cette formation, le premier th\u00e8me \u00e9tabli &#8211; vous vous en doutez bien &#8211; fut le mien, et l\u00e0, une vraie r\u00e9v\u00e9lation&#8230; Je vous laisse d\u00e9couvrir un petit extrait de mon th\u00e8me.<\/p>\n\n\n\n<h2 class=\"wp-block-heading\"> <p>Un petit extrait de mon th\u00e8me <\/p><\/h2>\n\n\n\n<h3 class=\"wp-block-heading\">Chemin de vie : ta vraie personnalit\u00e9<\/h3>\n\n\n\n<p class=\"has-text-align-justify\">Tu es une personne sensible, extr\u00eamement empathique, qui aime rendre service et aider les autres. Tu aimes prendre soin des gens, c&rsquo;est naturel et c&rsquo;est quelque chose qui te nourrit vraiment de l&rsquo;int\u00e9rieur. Il te faut imp\u00e9rativement un m\u00e9tier qui te permet de faire en sorte que les gens se sentent bien. Tu as tellement \u00e0 apporter au monde gr\u00e2ce \u00e0 ta sensibilit\u00e9 et \u00e0 ton \u00e9motivit\u00e9. Tu fais du bien \u00e0 ceux qui croisent ta route, souvent sans m\u00eame t&rsquo;en rendre compte. C&rsquo;est comme \u00e7a, c&rsquo;est ta vraie nature. Les valeurs humaines sont tr\u00e8s importantes pour toi. Tu es g\u00e9n\u00e9reuse, tr\u00e8s attach\u00e9e \u00e0 ta famille et \u00e0 tes amis. Tu es toujours l\u00e0 pour \u00e9couter, aider, conseiller et trouver des solutions quand quelqu&rsquo;un a un probl\u00e8me.   <\/p>\n\n\n\n<p class=\"has-text-align-justify\">Quelques M\u00e9tiers dans lesquels tu pourrais t&rsquo;\u00e9panouir : infirmi\u00e8re, naturopathe, magn\u00e9tiseuse, praticienne en m\u00e9decine chinoise et autres m\u00e9decines alternatives, \u00e9nerg\u00e9ticienne, th\u00e9rapeute, astrologue, hypnoth\u00e9rapeute, kin\u00e9siologue, sophrologue, g\u00e9obiologue, masseuse, coiffeuse, esth\u00e9ticienne, conseill\u00e8re, coach&#8230;<\/p>\n\n\n\n<h3 class=\"wp-block-heading\">Mission de vie : la raison de ton incarnation <\/h3>\n\n\n\n<p class=\"has-text-align-justify\">Tu es dou\u00e9e pour \u00e9couter, conseiller, guider, soigner, gu\u00e9rir au sens large. Tu aimes am\u00e9liorer les choses, ou l&rsquo;\u00e9tat \u00e9motionnel ou physique d&rsquo;une personne. Avec beaucoup d&#8217;empathie, tu sais trouver des solutions comme personne ! Tu as \u00e9galement un c\u00f4t\u00e9 artiste, cr\u00e9ative, inspir\u00e9e par le beau, l&rsquo;art et la nature. Tu es faite pour \u00e9voluer dans un climat calme, plut\u00f4t \u00e0 la campagne qu&rsquo;en ville, trop stressante pour toi, ou alors \u00e0 domicile. Toutes ces qualit\u00e9s te donnent des aptitudes extraordinaires pour des m\u00e9tiers dans lesquels on a besoin de gens comme toi. Mais en plus, comme ce sont des choses que tu aimes faire, ce sont aussi des m\u00e9tiers dans lesquels tu pourras exprimer tes talents naturellement, sans que \u00e7a te demande un surplus d&rsquo;\u00e9nergie.<\/p>\n\n\n\n<p>Et par la suite, toujours curieuse et soif de d\u00e9couvrir de nouvelles pratiques pour aider et accompagner les pesonnes \u00e0 se sentir mieux, j&rsquo;ai suivi une formation de Kin\u00e9siologie La Sant\u00e9 par le Toucher.<\/p>\n\n\n\n<p>Dans ma pratique du yoga, j&rsquo;ai pu d\u00e9couvrir des relaxations pratiqu\u00e9es \u00e0 l&rsquo;aide des instruments. Ces derniers procurent un bien-\u00eatre et un apaisement profond. Ce qui m&rsquo;a incit\u00e9 \u00e0 suivre une formation de massage sonore aux bols tib\u00e9tains. <\/p>\n\n\n\n<div class=\"wp-block-columns is-layout-flex wp-container-core-columns-is-layout-9d6595d7 wp-block-columns-is-layout-flex\">\n<div class=\"wp-block-column is-layout-flow wp-block-column-is-layout-flow\" style=\"flex-basis:100%\">\n<div class=\"wp-block-buttons is-content-justification-center is-layout-flex wp-container-core-buttons-is-layout-16018d1d wp-block-buttons-is-layout-flex\">\n<div class=\"wp-block-button is-style-outline is-style-outline--1\"><a class=\"wp-block-button__link wp-element-button\" href=\"https:\/\/obienetredherbauges.fr\/?page_id=25\">Pour en savoir plus, cliquer ici<\/a><\/div>\n<\/div>\n<\/div>\n<\/div>\n","protected":false},"excerpt":{"rendered":"<p>Mon parcours professionnel Alexandra BAUDRYJe suis praticienne en Kin\u00e9siologie, en soin \u00e9nerg\u00e9tique Reiki et en massage sonore aux bols tib\u00e9tains. Je propose \u00e9galement des th\u00e8mes de naissance en Num\u00e9rologie Karmique &hellip; <\/p>\n","protected":false},"author":2,"featured_media":81,"parent":0,"menu_order":3,"comment_status":"closed","ping_status":"closed","template":"","meta":{"_uag_custom_page_level_css":"","_exactmetrics_skip_tracking":false,"_exactmetrics_sitenote_active":false,"_exactmetrics_sitenote_note":"","_exactmetrics_sitenote_category":0,"_monsterinsights_skip_tracking":false,"_monsterinsights_sitenote_active":false,"_monsterinsights_sitenote_note":"","_monsterinsights_sitenote_category":0,"footnotes":""},"class_list":["post-26","page","type-page","status-publish","has-post-thumbnail","hentry"],"aioseo_notices":[],"uagb_featured_image_src":{"full":["https:\/\/i0.wp.com\/obienetredherbauges.fr\/wp-content\/uploads\/2023\/06\/cropped-cropped-IMG_4702-scaled-2-1.jpg?fit=1920%2C700&ssl=1",1920,700,false],"thumbnail":["https:\/\/i0.wp.com\/obienetredherbauges.fr\/wp-content\/uploads\/2023\/06\/cropped-cropped-IMG_4702-scaled-2-1.jpg?resize=150%2C150&ssl=1",150,150,true],"medium":["https:\/\/i0.wp.com\/obienetredherbauges.fr\/wp-content\/uploads\/2023\/06\/cropped-cropped-IMG_4702-scaled-2-1.jpg?fit=300%2C109&ssl=1",300,109,true],"medium_large":["https:\/\/i0.wp.com\/obienetredherbauges.fr\/wp-content\/uploads\/2023\/06\/cropped-cropped-IMG_4702-scaled-2-1.jpg?fit=767%2C280&ssl=1",767,280,true],"large":["https:\/\/i0.wp.com\/obienetredherbauges.fr\/wp-content\/uploads\/2023\/06\/cropped-cropped-IMG_4702-scaled-2-1.jpg?fit=767%2C279&ssl=1",767,279,true],"1536x1536":["https:\/\/i0.wp.com\/obienetredherbauges.fr\/wp-content\/uploads\/2023\/06\/cropped-cropped-IMG_4702-scaled-2-1.jpg?fit=1536%2C560&ssl=1",1536,560,true],"2048x2048":["https:\/\/i0.wp.com\/obienetredherbauges.fr\/wp-content\/uploads\/2023\/06\/cropped-cropped-IMG_4702-scaled-2-1.jpg?fit=1920%2C700&ssl=1",1920,700,true],"blossom-spa-single":["https:\/\/i0.wp.com\/obienetredherbauges.fr\/wp-content\/uploads\/2023\/06\/cropped-cropped-IMG_4702-scaled-2-1.jpg?resize=1920%2C700&ssl=1",1920,700,true],"blossom-spa-service":["https:\/\/i0.wp.com\/obienetredherbauges.fr\/wp-content\/uploads\/2023\/06\/cropped-cropped-IMG_4702-scaled-2-1.jpg?resize=480%2C324&ssl=1",480,324,true],"blossom-spa-team":["https:\/\/i0.wp.com\/obienetredherbauges.fr\/wp-content\/uploads\/2023\/06\/cropped-cropped-IMG_4702-scaled-2-1.jpg?resize=270%2C300&ssl=1",270,300,true],"blossom-spa-pagination":["https:\/\/i0.wp.com\/obienetredherbauges.fr\/wp-content\/uploads\/2023\/06\/cropped-cropped-IMG_4702-scaled-2-1.jpg?resize=370%2C247&ssl=1",370,247,true],"blossom-spa-blog-list":["https:\/\/i0.wp.com\/obienetredherbauges.fr\/wp-content\/uploads\/2023\/06\/cropped-cropped-IMG_4702-scaled-2-1.jpg?resize=640%2C480&ssl=1",640,480,true],"blossom-spa-blog-classic":["https:\/\/i0.wp.com\/obienetredherbauges.fr\/wp-content\/uploads\/2023\/06\/cropped-cropped-IMG_4702-scaled-2-1.jpg?resize=776%2C517&ssl=1",776,517,true],"blossom-spa-blog-classic-full":["https:\/\/i0.wp.com\/obienetredherbauges.fr\/wp-content\/uploads\/2023\/06\/cropped-cropped-IMG_4702-scaled-2-1.jpg?resize=1170%2C517&ssl=1",1170,517,true],"blossom-spa-related":["https:\/\/i0.wp.com\/obienetredherbauges.fr\/wp-content\/uploads\/2023\/06\/cropped-cropped-IMG_4702-scaled-2-1.jpg?resize=110%2C83&ssl=1",110,83,true],"woocommerce_thumbnail":["https:\/\/i0.wp.com\/obienetredherbauges.fr\/wp-content\/uploads\/2023\/06\/cropped-cropped-IMG_4702-scaled-2-1.jpg?resize=300%2C300&ssl=1",300,300,true],"woocommerce_single":["https:\/\/i0.wp.com\/obienetredherbauges.fr\/wp-content\/uploads\/2023\/06\/cropped-cropped-IMG_4702-scaled-2-1.jpg?fit=600%2C219&ssl=1",600,219,true],"woocommerce_gallery_thumbnail":["https:\/\/i0.wp.com\/obienetredherbauges.fr\/wp-content\/uploads\/2023\/06\/cropped-cropped-IMG_4702-scaled-2-1.jpg?resize=300%2C300&ssl=1",300,300,true]},"uagb_author_info":{"display_name":"BRICE BITON","author_link":"https:\/\/obienetredherbauges.fr\/index.php\/author\/brice\/"},"uagb_comment_info":0,"uagb_excerpt":"Mon parcours professionnel Alexandra BAUDRYJe suis praticienne en Kin\u00e9siologie, en soin \u00e9nerg\u00e9tique Reiki et en massage sonore aux bols tib\u00e9tains. Je propose \u00e9galement des th\u00e8mes de naissance en Num\u00e9rologie Karmique &hellip;","jetpack_sharing_enabled":true,"_links":{"self":[{"href":"https:\/\/obienetredherbauges.fr\/index.php\/wp-json\/wp\/v2\/pages\/26","targetHints":{"allow":["GET"]}}],"collection":[{"href":"https:\/\/obienetredherbauges.fr\/index.php\/wp-json\/wp\/v2\/pages"}],"about":[{"href":"https:\/\/obienetredherbauges.fr\/index.php\/wp-json\/wp\/v2\/types\/page"}],"author":[{"embeddable":true,"href":"https:\/\/obienetredherbauges.fr\/index.php\/wp-json\/wp\/v2\/users\/2"}],"replies":[{"embeddable":true,"href":"https:\/\/obienetredherbauges.fr\/index.php\/wp-json\/wp\/v2\/comments?post=26"}],"version-history":[{"count":80,"href":"https:\/\/obienetredherbauges.fr\/index.php\/wp-json\/wp\/v2\/pages\/26\/revisions"}],"predecessor-version":[{"id":1148,"href":"https:\/\/obienetredherbauges.fr\/index.php\/wp-json\/wp\/v2\/pages\/26\/revisions\/1148"}],"wp:featuredmedia":[{"embeddable":true,"href":"https:\/\/obienetredherbauges.fr\/index.php\/wp-json\/wp\/v2\/media\/81"}],"wp:attachment":[{"href":"https:\/\/obienetredherbauges.fr\/index.php\/wp-json\/wp\/v2\/media?parent=26"}],"curies":[{"name":"wp","href":"https:\/\/api.w.org\/{rel}","templated":true}]}}