{"id":1046,"date":"2026-03-07T16:46:50","date_gmt":"2026-03-07T15:46:50","guid":{"rendered":"https:\/\/obienetredherbauges.fr\/?page_id=1046"},"modified":"2026-03-07T16:47:07","modified_gmt":"2026-03-07T15:47:07","slug":"massage-sonore-aux-bols-tibetains","status":"publish","type":"page","link":"https:\/\/obienetredherbauges.fr\/index.php\/massage-sonore-aux-bols-tibetains\/","title":{"rendered":"Massage sonore aux bols tib\u00e9tains"},"content":{"rendered":"\n<h2 class=\"wp-block-heading\">Un peu d&rsquo;histoire<\/h2>\n\n\n\n<p>Les bols tib\u00e9tains, aussi appel\u00e9s bols chantants, sont des instruments acoustiques et ancestraux utilis\u00e9s depuis des si\u00e8cles pour la m\u00e9ditation, la gu\u00e9rison et le bien-\u00eatre spirituel. Leur origine exacte reste myst\u00e9rieuse, mais ils sont principalement associ\u00e9s aux traditions bouddhistes du Tibet, du N\u00e9pal, du Bhoutan et de l\u2019Inde. Il n&rsquo;existe pratiquement aucune trace \u00e9crite mais on attribue g\u00e9n\u00e9ralement l&rsquo;origine des bols chantants aux tribus forgerons nomades appel\u00e9s \u00ab\u00a0b\u00f4n\u00a0\u00bb (environ 3000 ans). Les membres de ce peuple de tradition chamanique pr\u00e9-bouddhiste bivouaquaient dans les r\u00e9gions montagneuses de l&rsquo;Himalaya et \u00e9tablissaient leur campement o\u00f9 les sols s&rsquo;av\u00e9raient riches en min\u00e9raux. Ils pouvaient ainsi extraire les divers m\u00e9taux n\u00e9cessaire \u00e0 la fabrication des bols chantants qu&rsquo;ils utilisaient au cours des c\u00e9r\u00e9monies religieuses ou dans leurs pratiques de gu\u00e9risons.<\/p>\n\n\n\n<p>Une autre th\u00e9orie dit que les premiers bols chantants sont d&rsquo;abord apparus en Inde. On trouve dans le tr\u00e8s ancien monast\u00e8re de Drepung \u00e0 Lhassa, un bol chantant qui aurait \u00e9t\u00e9 utilis\u00e9 comme bol \u00e0 aum\u00f4ne par Sange Wasang, troisi\u00e8me incarnation du Bouddha, venu de l&rsquo;Inde au Tibet environ 2400 ans avant J.C. Encore aujourd&rsquo;hui, le 15 juillet de chaque ann\u00e9e de nombreux tib\u00e9tains viennent voir cette pr\u00e9cieuse relique pour lui pr\u00e9senter des offrances et entendre le son qu&rsquo;elle produit. La tradition veut qu&rsquo;une personne alourdie par un karma trop pesant ne produira aucun son lorsqu&rsquo;elle essaiera de faire chanter le bol alors qu&rsquo;une personne au karma tr\u00e8s pur lui fera \u00e9mettre un son profond et riche en harmoniques.<\/p>\n\n\n\n<div class=\"wp-block-uagb-image uagb-block-d2b23e7e wp-block-uagb-image--layout-default wp-block-uagb-image--effect-static wp-block-uagb-image--align-none\"><figure class=\"wp-block-uagb-image__figure\"><img data-recalc-dims=\"1\" decoding=\"async\" srcset=\"https:\/\/obienetredherbauges.fr\/wp-content\/uploads\/2024\/11\/IMG_7602-1024x768.jpg ,https:\/\/obienetredherbauges.fr\/wp-content\/uploads\/2024\/11\/IMG_7602-scaled.jpg 780w, https:\/\/obienetredherbauges.fr\/wp-content\/uploads\/2024\/11\/IMG_7602-scaled.jpg 360w\" sizes=\"auto, (max-width: 480px) 150px\" src=\"https:\/\/i0.wp.com\/obienetredherbauges.fr\/wp-content\/uploads\/2024\/11\/IMG_7602.jpg?resize=488%2C366&#038;ssl=1\" alt=\"\" class=\"uag-image-916\" width=\"488\" height=\"366\" title=\"IMG_7602\" loading=\"lazy\" role=\"img\"\/><\/figure><\/div>\n\n\n\n<h2 class=\"wp-block-heading\">La fabrication et la symbolique<\/h2>\n\n\n\n<p>Les bols chantants sont traditionnellement fabriqu\u00e9s dans un alliage de sept m\u00e9taux, chacun associ\u00e9 \u00e0 une plan\u00e8te et \u00e0 une \u00e9nergie spirituelle. Il existe \u00e9galement des bols en alliage de cinq m\u00e9taux (utilis\u00e9s lors de c\u00e9r\u00e9monies religieuses ou lors d&rsquo;offrandes).<\/p>\n\n\n\n<ul class=\"wp-block-list\">\n<li><strong>Or<\/strong> Soleil associ\u00e9 au chakra couronne<\/li>\n\n\n\n<li><strong>Argent<\/strong> Lune associ\u00e9 au chakra du troisi\u00e8me oeil<\/li>\n\n\n\n<li><strong>Mercure<\/strong> Mercure associ\u00e9 au chakra de la gorge<\/li>\n\n\n\n<li><strong>Cuivre<\/strong> V\u00e9nus associ\u00e9 au chakra du coeur<\/li>\n\n\n\n<li><strong>Fer<\/strong> Mars associ\u00e9 au chakra du plexus solaire<\/li>\n\n\n\n<li><strong>\u00c9tain<\/strong> Jupiter associ\u00e9 au chakra sacr\u00e9<\/li>\n\n\n\n<li><strong>Plomb<\/strong> Saturne associ\u00e9 au chakra racine<\/li>\n<\/ul>\n\n\n\n<h2 class=\"wp-block-heading\"><strong>Quels sont les bienfaits du massage sonore aux bols tib\u00e9tains ?<\/strong><\/h2>\n\n\n\n<p>Les massages sonores utilisent les vibrations \u00e9mises par les bols pour favoriser une d\u00e9tente profonde du corps et de l\u2019esprit. Les bols chantants agissent sur diff\u00e9rents plan de notre \u00eatre.<\/p>\n\n\n\n<ul class=\"wp-block-list\">\n<li><strong>Relaxation profonde :<\/strong> Les sons et vibrations apaisent le syst\u00e8me nerveux et conduisent un \u00e9tat de l\u00e2cher-prise.<\/li>\n<\/ul>\n\n\n\n<ul class=\"wp-block-list\">\n<li><strong>R\u00e9duction du stress et de l\u2019anxi\u00e9t\u00e9 :<\/strong> Les fr\u00e9quences sonores aident \u00e0 calmer le mental et \u00e0 diminuer les tensions \u00e9motionnelles.<\/li>\n<\/ul>\n\n\n\n<ul class=\"wp-block-list\">\n<li><strong>D\u00e9tente musculaire :<\/strong> Les vibrations se diffusent dans le corps et contribuent \u00e0 rel\u00e2cher les tensions physiques.<\/li>\n<\/ul>\n\n\n\n<ul class=\"wp-block-list\">\n<li><strong>Am\u00e9lioration du sommeil :<\/strong> En favorisant un \u00e9tat de relaxation intense, les s\u00e9ances peuvent aider \u00e0 retrouver un sommeil plus serein (soulagement de l&rsquo;hyperactivit\u00e9 du mentale et r\u00e9gule les m\u00e9canismes de l&rsquo;insommie).<\/li>\n<\/ul>\n\n\n\n<ul class=\"wp-block-list\">\n<li><strong>Harmonisation \u00e9nerg\u00e9tique :<\/strong> Selon les traditions issues notamment du Bouddhisme tib\u00e9tain, les vibrations soutiennent l\u2019\u00e9quilibre global et la circulation de l\u2019\u00e9nergie (harmonise et r\u00e9gule les dysfontionnement des chakras).<\/li>\n<\/ul>\n\n\n\n<ul class=\"wp-block-list\">\n<li><strong>Reconnexion \u00e0 soi :<\/strong> Le massage sonore invite \u00e0 un moment d\u2019\u00e9coute int\u00e9rieure et de recentrage.<\/li>\n<\/ul>\n\n\n\n<p>En plus des bienfaits relaxants qu&rsquo;il apporte pour la sant\u00e9 du corps, de l&rsquo;\u00e2me et de l&rsquo;esprit, le bol chantant est aussi reconnu en feng shui pour ses vertus \u00e9quilibrantes et purifiantes sur les champs \u00e9nerg\u00e9tiques de l&rsquo;habitat.<\/p>\n\n\n\n<h3 class=\"wp-block-heading\"><strong>Comment se d\u00e9roule un massage sonore aux bols tib\u00e9tains ?<\/strong><\/h3>\n\n\n\n<p>La s\u00e9ance commence par un court moment de dialogue pour conna\u00eetre votre \u00e9tat du moment, vos besoins ou vos intentions. Dans un second temps, vous vous allongerez habill\u00e9 (pas de bijoux, pas de ceinture, pas de m\u00e9tal) sur le dos sur une table de massage et vous fermerez les yeux pour une d\u00e9tente totale. Les bols tib\u00e9tains seront plac\u00e9s autour de vous et parfois directement sur le corps (dos, ventre, jambes). L&rsquo;id\u00e9e est de cr\u00e9er un champ vibratoire en faisant vibrer tour \u00e0 tour les bols. Les vibrations se diffusent profond\u00e9ment dans les tissus (le corps \u00e9tant compos\u00e9 majoritairement d\u2019eau), favorisant d\u00e9tente et rel\u00e2chement. Les sons enveloppants cr\u00e9ent un \u00e9tat de relaxation profonde, proche de la m\u00e9ditation. Le mental ralentit, les tensions se rel\u00e2chent. La s\u00e9ance se termine par un \u00e9change.<\/p>\n\n\n\n<h2 class=\"wp-block-heading\"><strong>Les contre-indications<\/strong><\/h2>\n\n\n\n<p>Le massage sonore aux bols tib\u00e9tains est contre indiqu\u00e9 aux personnes portant une pile ou stimulateur cardiaque (pacemaker), aux personnes pr\u00e9sentant un trouble mental s\u00e9v\u00e8re (d\u00e9pression en phase a\u00efgue, trouble bipolaire, psychotique ou schizophr\u00e9nique, crise migraineuse), \u00e9pilepsie, aux femmes enceintes en d\u00e9but de grossesse (premier trimestre), thrombose ou phl\u00e9bite en cours, intervention chirurgicale r\u00e9cente, fracture (broche ou vis &#8211; ne pas poser dessus),  zone inflammatoire aigu\u00eb, en cas de fi\u00e8vre, disgestion (attendre 2h apr\u00e8s un repas).<\/p>\n\n\n\n<p>Le massage sonore aux bols tib\u00e9tains est une pratique de bien-\u00eatre compl\u00e9mentaire qui peut aider \u00e0 mieux g\u00e9rer le stress, les \u00e9motions et favoriser un \u00e9quilibre global.<br>Je tiens \u00e0 rappeler que mes pratiques visent \u00e0 accompagner le bien-\u00eatre physique, \u00e9motionnel et \u00e9nerg\u00e9tique, mais <strong>ne remplacent en aucun cas un suivi m\u00e9dical ou un traitement prescrit par un professionnel de sant\u00e9<\/strong>.<\/p>\n\n\n\n<p>Pour toute question d\u2019ordre m\u00e9dical, il est essentiel de consulter un m\u00e9decin ou un sp\u00e9cialiste qualifi\u00e9.<\/p>\n\n\n\n<h2 class=\"wp-block-heading has-text-align-center\">Tarification<\/h2>\n\n\n\n<p>La s\u00e9ance individuelle en pr\u00e9sentiel dure 1h00  <strong>60 euros<\/strong><\/p>\n\n\n\n<p><\/p>\n","protected":false},"excerpt":{"rendered":"<p>Un peu d&rsquo;histoire Les bols tib\u00e9tains, aussi appel\u00e9s bols chantants, sont des instruments acoustiques et ancestraux utilis\u00e9s depuis des si\u00e8cles pour la m\u00e9ditation, la gu\u00e9rison et le bien-\u00eatre spirituel. Leur &hellip; <\/p>\n","protected":false},"author":1,"featured_media":916,"parent":0,"menu_order":1,"comment_status":"closed","ping_status":"closed","template":"","meta":{"_uag_custom_page_level_css":"","_exactmetrics_skip_tracking":false,"_exactmetrics_sitenote_active":false,"_exactmetrics_sitenote_note":"","_exactmetrics_sitenote_category":0,"_monsterinsights_skip_tracking":false,"_monsterinsights_sitenote_active":false,"_monsterinsights_sitenote_note":"","_monsterinsights_sitenote_category":0,"footnotes":""},"class_list":["post-1046","page","type-page","status-publish","has-post-thumbnail","hentry"],"aioseo_notices":[],"uagb_featured_image_src":{"full":["https:\/\/i0.wp.com\/obienetredherbauges.fr\/wp-content\/uploads\/2024\/11\/IMG_7602-scaled.jpg?fit=2560%2C1920&ssl=1",2560,1920,false],"thumbnail":["https:\/\/i0.wp.com\/obienetredherbauges.fr\/wp-content\/uploads\/2024\/11\/IMG_7602-scaled.jpg?resize=150%2C150&ssl=1",150,150,true],"medium":["https:\/\/i0.wp.com\/obienetredherbauges.fr\/wp-content\/uploads\/2024\/11\/IMG_7602-scaled.jpg?fit=300%2C225&ssl=1",300,225,true],"medium_large":["https:\/\/i0.wp.com\/obienetredherbauges.fr\/wp-content\/uploads\/2024\/11\/IMG_7602-scaled.jpg?fit=767%2C575&ssl=1",767,575,true],"large":["https:\/\/i0.wp.com\/obienetredherbauges.fr\/wp-content\/uploads\/2024\/11\/IMG_7602-scaled.jpg?fit=767%2C575&ssl=1",767,575,true],"1536x1536":["https:\/\/i0.wp.com\/obienetredherbauges.fr\/wp-content\/uploads\/2024\/11\/IMG_7602-scaled.jpg?fit=1536%2C1152&ssl=1",1536,1152,true],"2048x2048":["https:\/\/i0.wp.com\/obienetredherbauges.fr\/wp-content\/uploads\/2024\/11\/IMG_7602-scaled.jpg?fit=2048%2C1536&ssl=1",2048,1536,true],"blossom-spa-single":["https:\/\/i0.wp.com\/obienetredherbauges.fr\/wp-content\/uploads\/2024\/11\/IMG_7602-scaled.jpg?resize=1920%2C700&ssl=1",1920,700,true],"blossom-spa-service":["https:\/\/i0.wp.com\/obienetredherbauges.fr\/wp-content\/uploads\/2024\/11\/IMG_7602-scaled.jpg?resize=480%2C324&ssl=1",480,324,true],"blossom-spa-team":["https:\/\/i0.wp.com\/obienetredherbauges.fr\/wp-content\/uploads\/2024\/11\/IMG_7602-scaled.jpg?resize=270%2C300&ssl=1",270,300,true],"blossom-spa-pagination":["https:\/\/i0.wp.com\/obienetredherbauges.fr\/wp-content\/uploads\/2024\/11\/IMG_7602-scaled.jpg?resize=370%2C247&ssl=1",370,247,true],"blossom-spa-blog-list":["https:\/\/i0.wp.com\/obienetredherbauges.fr\/wp-content\/uploads\/2024\/11\/IMG_7602-scaled.jpg?resize=640%2C480&ssl=1",640,480,true],"blossom-spa-blog-classic":["https:\/\/i0.wp.com\/obienetredherbauges.fr\/wp-content\/uploads\/2024\/11\/IMG_7602-scaled.jpg?resize=776%2C517&ssl=1",776,517,true],"blossom-spa-blog-classic-full":["https:\/\/i0.wp.com\/obienetredherbauges.fr\/wp-content\/uploads\/2024\/11\/IMG_7602-scaled.jpg?resize=1170%2C517&ssl=1",1170,517,true],"blossom-spa-related":["https:\/\/i0.wp.com\/obienetredherbauges.fr\/wp-content\/uploads\/2024\/11\/IMG_7602-scaled.jpg?resize=110%2C83&ssl=1",110,83,true],"woocommerce_thumbnail":["https:\/\/i0.wp.com\/obienetredherbauges.fr\/wp-content\/uploads\/2024\/11\/IMG_7602-scaled.jpg?resize=300%2C300&ssl=1",300,300,true],"woocommerce_single":["https:\/\/i0.wp.com\/obienetredherbauges.fr\/wp-content\/uploads\/2024\/11\/IMG_7602-scaled.jpg?fit=600%2C450&ssl=1",600,450,true],"woocommerce_gallery_thumbnail":["https:\/\/i0.wp.com\/obienetredherbauges.fr\/wp-content\/uploads\/2024\/11\/IMG_7602-scaled.jpg?resize=300%2C300&ssl=1",300,300,true]},"uagb_author_info":{"display_name":"ALEXANDRA","author_link":"https:\/\/obienetredherbauges.fr\/index.php\/author\/obienetredherbauges-fr\/"},"uagb_comment_info":0,"uagb_excerpt":"Un peu d&rsquo;histoire Les bols tib\u00e9tains, aussi appel\u00e9s bols chantants, sont des instruments acoustiques et ancestraux utilis\u00e9s depuis des si\u00e8cles pour la m\u00e9ditation, la gu\u00e9rison et le bien-\u00eatre spirituel. Leur &hellip;","jetpack_sharing_enabled":true,"_links":{"self":[{"href":"https:\/\/obienetredherbauges.fr\/index.php\/wp-json\/wp\/v2\/pages\/1046","targetHints":{"allow":["GET"]}}],"collection":[{"href":"https:\/\/obienetredherbauges.fr\/index.php\/wp-json\/wp\/v2\/pages"}],"about":[{"href":"https:\/\/obienetredherbauges.fr\/index.php\/wp-json\/wp\/v2\/types\/page"}],"author":[{"embeddable":true,"href":"https:\/\/obienetredherbauges.fr\/index.php\/wp-json\/wp\/v2\/users\/1"}],"replies":[{"embeddable":true,"href":"https:\/\/obienetredherbauges.fr\/index.php\/wp-json\/wp\/v2\/comments?post=1046"}],"version-history":[{"count":29,"href":"https:\/\/obienetredherbauges.fr\/index.php\/wp-json\/wp\/v2\/pages\/1046\/revisions"}],"predecessor-version":[{"id":1180,"href":"https:\/\/obienetredherbauges.fr\/index.php\/wp-json\/wp\/v2\/pages\/1046\/revisions\/1180"}],"wp:featuredmedia":[{"embeddable":true,"href":"https:\/\/obienetredherbauges.fr\/index.php\/wp-json\/wp\/v2\/media\/916"}],"wp:attachment":[{"href":"https:\/\/obienetredherbauges.fr\/index.php\/wp-json\/wp\/v2\/media?parent=1046"}],"curies":[{"name":"wp","href":"https:\/\/api.w.org\/{rel}","templated":true}]}}